{"id":10718,"date":"2024-11-04T09:44:30","date_gmt":"2024-11-04T09:44:30","guid":{"rendered":"http:\/\/sahinrulman.com\/?page_id=10718"},"modified":"2026-03-02T16:08:46","modified_gmt":"2026-03-02T13:08:46","slug":"sektorel-cozumler","status":"publish","type":"page","link":"https:\/\/www.sahinrulman.com\/en\/sektorel-cozumler\/","title":{"rendered":"Sekt\u00f6rel \u00c7\u00f6z\u00fcmler"},"content":{"rendered":"\t\t<div data-elementor-type=\"wp-page\" data-elementor-id=\"10718\" class=\"elementor elementor-10718\" data-elementor-post-type=\"page\">\n\t\t\t\t<div class=\"elementor-element elementor-element-06db86e e-flex e-con-boxed e-con e-parent\" data-id=\"06db86e\" data-element_type=\"container\" data-e-type=\"container\">\n\t\t\t\t\t<div class=\"e-con-inner\">\n\t\t<div class=\"elementor-element elementor-element-dff4cbd e-con-full e-flex e-con e-child\" data-id=\"dff4cbd\" data-element_type=\"container\" data-e-type=\"container\">\n\t\t\t\t<div class=\"elementor-element elementor-element-494da9e elementor-widget elementor-widget-image\" data-id=\"494da9e\" data-element_type=\"widget\" data-e-type=\"widget\" data-widget_type=\"image.default\">\n\t\t\t\t\t\t\t\t\t\t\t\t\t\t\t\t<a href=\"https:\/\/www.sahinrulman.com\/tekstil-sektorleri-icin-servo-motorlar\/\">\n\t\t\t\t\t\t\t<img fetchpriority=\"high\" decoding=\"async\" width=\"635\" height=\"685\" src=\"https:\/\/www.sahinrulman.com\/wp-content\/uploads\/2024\/11\/tekstil-sektor-kapak.png\" class=\"attachment-full size-full wp-image-10724\" alt=\"\" srcset=\"https:\/\/www.sahinrulman.com\/wp-content\/uploads\/2024\/11\/tekstil-sektor-kapak.png 635w, https:\/\/www.sahinrulman.com\/wp-content\/uploads\/2024\/11\/tekstil-sektor-kapak-300x324.png 300w, https:\/\/www.sahinrulman.com\/wp-content\/uploads\/2024\/11\/tekstil-sektor-kapak-64x69.png 64w, https:\/\/www.sahinrulman.com\/wp-content\/uploads\/2024\/11\/tekstil-sektor-kapak-278x300.png 278w, https:\/\/www.sahinrulman.com\/wp-content\/uploads\/2024\/11\/tekstil-sektor-kapak-60x65.png 60w, https:\/\/www.sahinrulman.com\/wp-content\/uploads\/2024\/11\/tekstil-sektor-kapak-110x119.png 110w\" sizes=\"(max-width: 635px) 100vw, 635px\" \/>\t\t\t\t\t\t\t\t<\/a>\n\t\t\t\t\t\t\t\t\t\t\t\t\t\t\t<\/div>\n\t\t\t\t<div class=\"elementor-element elementor-element-afc2db9 elementor-widget elementor-widget-heading\" data-id=\"afc2db9\" data-element_type=\"widget\" data-e-type=\"widget\" data-widget_type=\"heading.default\">\n\t\t\t\t\t<h2 class=\"elementor-heading-title elementor-size-default\"><a href=\"https:\/\/www.sahinrulman.com\/tekstil-sektorleri-icin-servo-motorlar\/\">Tekstil Sekt\u00f6r\u00fc ve Makineleri \u0130\u00e7in Servo Motorlar<\/a><\/h2>\t\t\t\t<\/div>\n\t\t\t\t<\/div>\n\t\t<div class=\"elementor-element elementor-element-cc6b3c6 e-con-full e-flex e-con e-child\" data-id=\"cc6b3c6\" data-element_type=\"container\" data-e-type=\"container\">\n\t\t\t\t<div class=\"elementor-element elementor-element-b115ffd elementor-widget elementor-widget-image\" data-id=\"b115ffd\" data-element_type=\"widget\" data-e-type=\"widget\" data-widget_type=\"image.default\">\n\t\t\t\t\t\t\t\t\t\t\t\t\t\t\t\t<a href=\"https:\/\/www.sahinrulman.com\/otomasyon-sektoru-icin-servo-motorlar\/\">\n\t\t\t\t\t\t\t<img decoding=\"async\" width=\"635\" height=\"685\" src=\"https:\/\/www.sahinrulman.com\/wp-content\/uploads\/2024\/11\/otomasyon-sektor-kapak.png\" class=\"attachment-full size-full wp-image-10723\" alt=\"\" srcset=\"https:\/\/www.sahinrulman.com\/wp-content\/uploads\/2024\/11\/otomasyon-sektor-kapak.png 635w, https:\/\/www.sahinrulman.com\/wp-content\/uploads\/2024\/11\/otomasyon-sektor-kapak-300x324.png 300w, https:\/\/www.sahinrulman.com\/wp-content\/uploads\/2024\/11\/otomasyon-sektor-kapak-64x69.png 64w, https:\/\/www.sahinrulman.com\/wp-content\/uploads\/2024\/11\/otomasyon-sektor-kapak-278x300.png 278w, https:\/\/www.sahinrulman.com\/wp-content\/uploads\/2024\/11\/otomasyon-sektor-kapak-60x65.png 60w, https:\/\/www.sahinrulman.com\/wp-content\/uploads\/2024\/11\/otomasyon-sektor-kapak-110x119.png 110w\" sizes=\"(max-width: 635px) 100vw, 635px\" \/>\t\t\t\t\t\t\t\t<\/a>\n\t\t\t\t\t\t\t\t\t\t\t\t\t\t\t<\/div>\n\t\t\t\t<div class=\"elementor-element elementor-element-ffa11b0 elementor-widget elementor-widget-heading\" data-id=\"ffa11b0\" data-element_type=\"widget\" data-e-type=\"widget\" data-widget_type=\"heading.default\">\n\t\t\t\t\t<h2 class=\"elementor-heading-title elementor-size-default\"><a href=\"https:\/\/www.sahinrulman.com\/otomasyon-sektoru-icin-servo-motorlar\/\">Otomasyon Sekt\u00f6r\u00fc ve Makineleri \u0130\u00e7in Servo Motorlar<\/a><\/h2>\t\t\t\t<\/div>\n\t\t\t\t<\/div>\n\t\t<div class=\"elementor-element elementor-element-1fda6c1 e-con-full e-flex e-con e-child\" data-id=\"1fda6c1\" data-element_type=\"container\" data-e-type=\"container\">\n\t\t\t\t<div class=\"elementor-element elementor-element-473691c elementor-widget elementor-widget-image\" data-id=\"473691c\" data-element_type=\"widget\" data-e-type=\"widget\" data-widget_type=\"image.default\">\n\t\t\t\t\t\t\t\t\t\t\t\t\t\t\t\t<a href=\"https:\/\/www.sahinrulman.com\/ambalajlama-sektoru-icin-servo-motorlar\/\">\n\t\t\t\t\t\t\t<img decoding=\"async\" width=\"635\" height=\"685\" src=\"https:\/\/www.sahinrulman.com\/wp-content\/uploads\/2024\/11\/ambalaj-sektor-kapak.png\" class=\"attachment-full size-full wp-image-10722\" alt=\"\" srcset=\"https:\/\/www.sahinrulman.com\/wp-content\/uploads\/2024\/11\/ambalaj-sektor-kapak.png 635w, https:\/\/www.sahinrulman.com\/wp-content\/uploads\/2024\/11\/ambalaj-sektor-kapak-300x324.png 300w, https:\/\/www.sahinrulman.com\/wp-content\/uploads\/2024\/11\/ambalaj-sektor-kapak-64x69.png 64w, https:\/\/www.sahinrulman.com\/wp-content\/uploads\/2024\/11\/ambalaj-sektor-kapak-278x300.png 278w, https:\/\/www.sahinrulman.com\/wp-content\/uploads\/2024\/11\/ambalaj-sektor-kapak-60x65.png 60w, https:\/\/www.sahinrulman.com\/wp-content\/uploads\/2024\/11\/ambalaj-sektor-kapak-110x119.png 110w\" sizes=\"(max-width: 635px) 100vw, 635px\" \/>\t\t\t\t\t\t\t\t<\/a>\n\t\t\t\t\t\t\t\t\t\t\t\t\t\t\t<\/div>\n\t\t\t\t<div class=\"elementor-element elementor-element-682e3c6 elementor-widget elementor-widget-heading\" data-id=\"682e3c6\" data-element_type=\"widget\" data-e-type=\"widget\" data-widget_type=\"heading.default\">\n\t\t\t\t\t<h2 class=\"elementor-heading-title elementor-size-default\"><a href=\"https:\/\/www.sahinrulman.com\/ambalajlama-sektoru-icin-servo-motorlar\/\">Ambalaj Sekt\u00f6r\u00fc ve Paketleme Sekt\u00f6rleri \u0130\u00e7in Servo Motorlar<\/a><\/h2>\t\t\t\t<\/div>\n\t\t\t\t<\/div>\n\t\t\t\t\t<\/div>\n\t\t\t\t<\/div>\n\t\t<div class=\"elementor-element elementor-element-3e0cab9 e-flex e-con-boxed e-con e-parent\" data-id=\"3e0cab9\" data-element_type=\"container\" data-e-type=\"container\">\n\t\t\t\t\t<div class=\"e-con-inner\">\n\t\t<div class=\"elementor-element elementor-element-8521bd6 e-con-full e-flex e-con e-child\" data-id=\"8521bd6\" data-element_type=\"container\" data-e-type=\"container\">\n\t\t\t\t<div class=\"elementor-element elementor-element-c819eae elementor-widget elementor-widget-image\" data-id=\"c819eae\" data-element_type=\"widget\" data-e-type=\"widget\" data-widget_type=\"image.default\">\n\t\t\t\t\t\t\t\t\t\t\t\t\t\t\t\t<a href=\"https:\/\/www.sahinrulman.com\/elektrik-ve-elektronik-sektorleri-icin-servo-motorlar\/\">\n\t\t\t\t\t\t\t<img loading=\"lazy\" decoding=\"async\" width=\"635\" height=\"685\" src=\"https:\/\/www.sahinrulman.com\/wp-content\/uploads\/2024\/11\/kapak-elektronik-sektoru-icin-servo-motorlar.png\" class=\"attachment-full size-full wp-image-10721\" alt=\"\" srcset=\"https:\/\/www.sahinrulman.com\/wp-content\/uploads\/2024\/11\/kapak-elektronik-sektoru-icin-servo-motorlar.png 635w, https:\/\/www.sahinrulman.com\/wp-content\/uploads\/2024\/11\/kapak-elektronik-sektoru-icin-servo-motorlar-300x324.png 300w, https:\/\/www.sahinrulman.com\/wp-content\/uploads\/2024\/11\/kapak-elektronik-sektoru-icin-servo-motorlar-64x69.png 64w, https:\/\/www.sahinrulman.com\/wp-content\/uploads\/2024\/11\/kapak-elektronik-sektoru-icin-servo-motorlar-278x300.png 278w, https:\/\/www.sahinrulman.com\/wp-content\/uploads\/2024\/11\/kapak-elektronik-sektoru-icin-servo-motorlar-60x65.png 60w, https:\/\/www.sahinrulman.com\/wp-content\/uploads\/2024\/11\/kapak-elektronik-sektoru-icin-servo-motorlar-110x119.png 110w\" sizes=\"(max-width: 635px) 100vw, 635px\" \/>\t\t\t\t\t\t\t\t<\/a>\n\t\t\t\t\t\t\t\t\t\t\t\t\t\t\t<\/div>\n\t\t\t\t<div class=\"elementor-element elementor-element-df75032 elementor-widget elementor-widget-heading\" data-id=\"df75032\" data-element_type=\"widget\" data-e-type=\"widget\" data-widget_type=\"heading.default\">\n\t\t\t\t\t<h2 class=\"elementor-heading-title elementor-size-default\"><a href=\"https:\/\/www.sahinrulman.com\/elektrik-ve-elektronik-sektorleri-icin-servo-motorlar\/\">Elektrik Elektronik Sekt\u00f6rleri \u0130\u00e7in Servo Motorlar<\/a><\/h2>\t\t\t\t<\/div>\n\t\t\t\t<\/div>\n\t\t<div class=\"elementor-element elementor-element-bd93415 e-con-full e-flex e-con e-child\" data-id=\"bd93415\" data-element_type=\"container\" data-e-type=\"container\">\n\t\t\t\t<div class=\"elementor-element elementor-element-cdca815 elementor-widget elementor-widget-image\" data-id=\"cdca815\" data-element_type=\"widget\" data-e-type=\"widget\" data-widget_type=\"image.default\">\n\t\t\t\t\t\t\t\t\t\t\t\t\t\t\t\t<a href=\"https:\/\/www.sahinrulman.com\/ahsap-isleme-sektoru-icin-servo-motorlar\/\">\n\t\t\t\t\t\t\t<img loading=\"lazy\" decoding=\"async\" width=\"635\" height=\"685\" src=\"https:\/\/www.sahinrulman.com\/wp-content\/uploads\/2024\/11\/kapak-ahsap-isleme-sektoru-icin-servo-motorlar.png\" class=\"attachment-full size-full wp-image-10720\" alt=\"\" srcset=\"https:\/\/www.sahinrulman.com\/wp-content\/uploads\/2024\/11\/kapak-ahsap-isleme-sektoru-icin-servo-motorlar.png 635w, https:\/\/www.sahinrulman.com\/wp-content\/uploads\/2024\/11\/kapak-ahsap-isleme-sektoru-icin-servo-motorlar-300x324.png 300w, https:\/\/www.sahinrulman.com\/wp-content\/uploads\/2024\/11\/kapak-ahsap-isleme-sektoru-icin-servo-motorlar-64x69.png 64w, https:\/\/www.sahinrulman.com\/wp-content\/uploads\/2024\/11\/kapak-ahsap-isleme-sektoru-icin-servo-motorlar-278x300.png 278w, https:\/\/www.sahinrulman.com\/wp-content\/uploads\/2024\/11\/kapak-ahsap-isleme-sektoru-icin-servo-motorlar-60x65.png 60w, https:\/\/www.sahinrulman.com\/wp-content\/uploads\/2024\/11\/kapak-ahsap-isleme-sektoru-icin-servo-motorlar-110x119.png 110w\" sizes=\"(max-width: 635px) 100vw, 635px\" \/>\t\t\t\t\t\t\t\t<\/a>\n\t\t\t\t\t\t\t\t\t\t\t\t\t\t\t<\/div>\n\t\t\t\t<div class=\"elementor-element elementor-element-5849bc5 elementor-widget elementor-widget-heading\" data-id=\"5849bc5\" data-element_type=\"widget\" data-e-type=\"widget\" data-widget_type=\"heading.default\">\n\t\t\t\t\t<h2 class=\"elementor-heading-title elementor-size-default\"><a href=\"https:\/\/www.sahinrulman.com\/ahsap-isleme-sektoru-icin-servo-motorlar\/\">Ah\u015fap \u0130\u015fleme Sekt\u00f6rleri \u0130\u00e7in Servo Motorlar<\/a><\/h2>\t\t\t\t<\/div>\n\t\t\t\t<\/div>\n\t\t<div class=\"elementor-element elementor-element-988e5b9 e-con-full e-flex e-con e-child\" data-id=\"988e5b9\" data-element_type=\"container\" data-e-type=\"container\">\n\t\t\t\t<div class=\"elementor-element elementor-element-6537c5c elementor-widget elementor-widget-image\" data-id=\"6537c5c\" data-element_type=\"widget\" data-e-type=\"widget\" data-widget_type=\"image.default\">\n\t\t\t\t\t\t\t\t\t\t\t\t\t\t\t\t<a href=\"https:\/\/www.sahinrulman.com\/robotik-kol-sistemleri-icin-servo-motorlar\/\">\n\t\t\t\t\t\t\t<img loading=\"lazy\" decoding=\"async\" width=\"635\" height=\"685\" src=\"https:\/\/www.sahinrulman.com\/wp-content\/uploads\/2024\/11\/kapak-ahsap-isleme-sektoru-icin-servo-motorlar.png\" class=\"attachment-full size-full wp-image-10720\" alt=\"\" srcset=\"https:\/\/www.sahinrulman.com\/wp-content\/uploads\/2024\/11\/kapak-ahsap-isleme-sektoru-icin-servo-motorlar.png 635w, https:\/\/www.sahinrulman.com\/wp-content\/uploads\/2024\/11\/kapak-ahsap-isleme-sektoru-icin-servo-motorlar-300x324.png 300w, https:\/\/www.sahinrulman.com\/wp-content\/uploads\/2024\/11\/kapak-ahsap-isleme-sektoru-icin-servo-motorlar-64x69.png 64w, https:\/\/www.sahinrulman.com\/wp-content\/uploads\/2024\/11\/kapak-ahsap-isleme-sektoru-icin-servo-motorlar-278x300.png 278w, https:\/\/www.sahinrulman.com\/wp-content\/uploads\/2024\/11\/kapak-ahsap-isleme-sektoru-icin-servo-motorlar-60x65.png 60w, https:\/\/www.sahinrulman.com\/wp-content\/uploads\/2024\/11\/kapak-ahsap-isleme-sektoru-icin-servo-motorlar-110x119.png 110w\" sizes=\"(max-width: 635px) 100vw, 635px\" \/>\t\t\t\t\t\t\t\t<\/a>\n\t\t\t\t\t\t\t\t\t\t\t\t\t\t\t<\/div>\n\t\t\t\t<div class=\"elementor-element elementor-element-d231981 elementor-widget elementor-widget-heading\" data-id=\"d231981\" data-element_type=\"widget\" data-e-type=\"widget\" data-widget_type=\"heading.default\">\n\t\t\t\t\t<h2 class=\"elementor-heading-title elementor-size-default\"><a href=\"https:\/\/www.sahinrulman.com\/robotik-kol-sistemleri-icin-servo-motorlar\/\">Robotik Kol Sistemleri \u0130\u00e7in Servo Motorlar<\/a><\/h2>\t\t\t\t<\/div>\n\t\t\t\t<\/div>\n\t\t<div class=\"elementor-element elementor-element-9dc0001 e-con-full e-flex e-con e-child\" data-id=\"9dc0001\" data-element_type=\"container\" data-e-type=\"container\">\n\t\t\t\t<\/div>\n\t\t\t\t\t<\/div>\n\t\t\t\t<\/div>\n\t\t\t\t<\/div>\n\t\t","protected":false},"excerpt":{"rendered":"<p>Tekstil Sekt\u00f6r\u00fc ve Makineleri \u0130\u00e7in Servo Motorlar Otomasyon Sekt\u00f6r\u00fc ve Makineleri \u0130\u00e7in Servo Motorlar Ambalaj Sekt\u00f6r\u00fc ve Paketleme Sekt\u00f6rleri \u0130\u00e7in Servo Motorlar Elektrik Elektronik Sekt\u00f6rleri \u0130\u00e7in Servo Motorlar Ah\u015fap \u0130\u015fleme<\/p>\n","protected":false},"author":1,"featured_media":0,"parent":0,"menu_order":0,"comment_status":"closed","ping_status":"closed","template":"","meta":{"_acf_changed":false,"footnotes":""},"class_list":["post-10718","page","type-page","status-publish","hentry"],"acf":[],"_links":{"self":[{"href":"https:\/\/www.sahinrulman.com\/en\/wp-json\/wp\/v2\/pages\/10718","targetHints":{"allow":["GET"]}}],"collection":[{"href":"https:\/\/www.sahinrulman.com\/en\/wp-json\/wp\/v2\/pages"}],"about":[{"href":"https:\/\/www.sahinrulman.com\/en\/wp-json\/wp\/v2\/types\/page"}],"author":[{"embeddable":true,"href":"https:\/\/www.sahinrulman.com\/en\/wp-json\/wp\/v2\/users\/1"}],"replies":[{"embeddable":true,"href":"https:\/\/www.sahinrulman.com\/en\/wp-json\/wp\/v2\/comments?post=10718"}],"version-history":[{"count":0,"href":"https:\/\/www.sahinrulman.com\/en\/wp-json\/wp\/v2\/pages\/10718\/revisions"}],"wp:attachment":[{"href":"https:\/\/www.sahinrulman.com\/en\/wp-json\/wp\/v2\/media?parent=10718"}],"curies":[{"name":"wp","href":"https:\/\/api.w.org\/{rel}","templated":true}]}}