{"id":16682,"date":"2025-10-10T15:33:37","date_gmt":"2025-10-10T12:33:37","guid":{"rendered":"https:\/\/www.sahinrulman.com\/?page_id=16682"},"modified":"2026-02-18T18:38:43","modified_gmt":"2026-02-18T15:38:43","slug":"birim-donusumleri","status":"publish","type":"page","link":"https:\/\/www.sahinrulman.com\/en\/birim-donusumleri\/","title":{"rendered":"Birim D\u00f6n\u00fc\u015f\u00fcmleri"},"content":{"rendered":"","protected":false},"excerpt":{"rendered":"","protected":false},"author":1,"featured_media":0,"parent":0,"menu_order":0,"comment_status":"closed","ping_status":"closed","template":"birim-donusumleri.php","meta":{"_acf_changed":false,"footnotes":""},"class_list":["post-16682","page","type-page","status-publish","hentry"],"acf":[],"_links":{"self":[{"href":"https:\/\/www.sahinrulman.com\/en\/wp-json\/wp\/v2\/pages\/16682","targetHints":{"allow":["GET"]}}],"collection":[{"href":"https:\/\/www.sahinrulman.com\/en\/wp-json\/wp\/v2\/pages"}],"about":[{"href":"https:\/\/www.sahinrulman.com\/en\/wp-json\/wp\/v2\/types\/page"}],"author":[{"embeddable":true,"href":"https:\/\/www.sahinrulman.com\/en\/wp-json\/wp\/v2\/users\/1"}],"replies":[{"embeddable":true,"href":"https:\/\/www.sahinrulman.com\/en\/wp-json\/wp\/v2\/comments?post=16682"}],"version-history":[{"count":0,"href":"https:\/\/www.sahinrulman.com\/en\/wp-json\/wp\/v2\/pages\/16682\/revisions"}],"wp:attachment":[{"href":"https:\/\/www.sahinrulman.com\/en\/wp-json\/wp\/v2\/media?parent=16682"}],"curies":[{"name":"wp","href":"https:\/\/api.w.org\/{rel}","templated":true}]}}