{"id":17395,"date":"2026-01-14T17:15:44","date_gmt":"2026-01-14T14:15:44","guid":{"rendered":"https:\/\/www.sahinrulman.com\/?page_id=17395"},"modified":"2026-02-27T11:40:53","modified_gmt":"2026-02-27T08:40:53","slug":"step-motor-bulucu","status":"publish","type":"page","link":"https:\/\/www.sahinrulman.com\/en\/step-motor-bulucu\/","title":{"rendered":"Step Motor Bulucu"},"content":{"rendered":"\t\t<div data-elementor-type=\"wp-page\" data-elementor-id=\"17395\" class=\"elementor elementor-17395\" data-elementor-post-type=\"page\">\n\t\t\t\t<div class=\"elementor-element elementor-element-95b637e e-flex e-con-boxed e-con e-parent\" data-id=\"95b637e\" data-element_type=\"container\" data-e-type=\"container\">\n\t\t\t\t\t<div class=\"e-con-inner\">\n\t\t\t\t<div class=\"elementor-element elementor-element-983622d elementor-widget elementor-widget-shortcode\" data-id=\"983622d\" data-element_type=\"widget\" data-e-type=\"widget\" data-widget_type=\"shortcode.default\">\n\t\t\t\t\t\t\t<div class=\"elementor-shortcode\">        <div class=\"smf-finder-wrapper\">\n            <div class=\"smf-finder-container\">\n                \n                <!-- Header -->\n                <header class=\"smf-finder-header\">\n                    <h2 class=\"smf-finder-title\">STEP MOTOR BULUCU<\/h2>\n                    <p class=\"smf-finder-subtitle\">Teknik \u00f6zelliklere g\u00f6re uygun step motoru bulun<\/p>\n                <\/header>\n\n                <!-- Control Panel -->\n                <div class=\"smf-control-panel\">\n                    <form id=\"smf-finder-form\" method=\"post\">\n                        \n                        <!-- Torque Input - Stepper Design -->\n                        <div class=\"smf-form-group\">\n                            <label class=\"smf-form-label\">\u0130htiyac\u0131n\u0131z Olan Tork (Nm)<\/label>\n                            \n                            <!-- Stepper Input Group -->\n                            <div class=\"smf-stepper-group\">\n                                <button type=\"button\" id=\"smf-torque-minus\" class=\"smf-stepper-btn smf-stepper-minus\">\u2212<\/button>\n                                <input \n                                    type=\"number\" \n                                    id=\"smf-torque-input\" \n                                    class=\"smf-stepper-input\"\n                                    name=\"torque\"\n                                    min=\"0\" \n                                    max=\"50\" \n                                    step=\"0.01\" \n                                    value=\"0.00\"\n                                    placeholder=\"0.00\"\n                                >\n                                <button type=\"button\" id=\"smf-torque-plus\" class=\"smf-stepper-btn smf-stepper-plus\">+<\/button>\n                            <\/div>\n                            \n                            <!-- Slider as Rough Estimator -->\n                            <div class=\"smf-slider-wrap\">\n                                <input \n                                    type=\"range\" \n                                    id=\"smf-torque-slider\" \n                                    class=\"smf-slider\"\n                                    min=\"0\" \n                                    max=\"50\" \n                                    step=\"0.1\" \n                                    value=\"0\"\n                                >\n                                <div class=\"smf-slider-labels\">\n                                    <span>0<\/span>\n                                    <span>50 Nm<\/span>\n                                <\/div>\n                            <\/div>\n                            \n                            <!-- Hint Text -->\n                            <p class=\"smf-torque-hint\">Hassas se\u00e7im i\u00e7in + \/ \u2212 butonlar\u0131n\u0131 kullanabilir veya de\u011feri elle yazabilirsiniz.<\/p>\n                        <\/div>\n\n                        <!-- NEMA Size Selection -->\n                        <div class=\"smf-form-group\">\n                            <label class=\"smf-form-label\">NEMA \u00d6l\u00e7\u00fcs\u00fc<\/label>\n                            <div class=\"smf-nema-group\">\n                                                                    <button \n                                        type=\"button\" \n                                        class=\"smf-nema-btn\" \n                                        data-nema=\"14\"\n                                    >14<\/button>\n                                                                    <button \n                                        type=\"button\" \n                                        class=\"smf-nema-btn\" \n                                        data-nema=\"16\"\n                                    >16<\/button>\n                                                                    <button \n                                        type=\"button\" \n                                        class=\"smf-nema-btn\" \n                                        data-nema=\"17\"\n                                    >17<\/button>\n                                                                    <button \n                                        type=\"button\" \n                                        class=\"smf-nema-btn\" \n                                        data-nema=\"23\"\n                                    >23<\/button>\n                                                                    <button \n                                        type=\"button\" \n                                        class=\"smf-nema-btn\" \n                                        data-nema=\"24\"\n                                    >24<\/button>\n                                                                    <button \n                                        type=\"button\" \n                                        class=\"smf-nema-btn\" \n                                        data-nema=\"34\"\n                                    >34<\/button>\n                                                                    <button \n                                        type=\"button\" \n                                        class=\"smf-nema-btn\" \n                                        data-nema=\"42\"\n                                    >42<\/button>\n                                                                    <button \n                                        type=\"button\" \n                                        class=\"smf-nema-btn\" \n                                        data-nema=\"52\"\n                                    >52<\/button>\n                                                            <\/div>\n                            <input type=\"hidden\" id=\"smf-nema-hidden\" name=\"nema\" value=\"\">\n                        <\/div>\n\n                        <!-- Advanced Options Toggle -->\n                        <div class=\"smf-advanced-toggle-wrap\">\n                            <button type=\"button\" id=\"smf-advanced-toggle\" class=\"smf-advanced-toggle\">\n                                <span class=\"smf-advanced-toggle-icon\">\u2699\ufe0f<\/span>\n                                <span class=\"smf-advanced-toggle-text\">Geli\u015fmi\u015f Se\u00e7enekler<\/span>\n                                <span class=\"smf-advanced-toggle-arrow\">\u25bc<\/span>\n                            <\/button>\n                        <\/div>\n\n                        <!-- Advanced Options Panel (Hidden by default) -->\n                        <div id=\"smf-advanced-panel\" class=\"smf-advanced-panel\" style=\"display: none;\">\n                            <div class=\"smf-form-group\">\n                                <label class=\"smf-form-label\">\u00d6zel \u00d6zellikler<\/label>\n                                <div class=\"smf-features-group\">\n                                    <label class=\"smf-feature-checkbox\" data-feature=\"reduktor\">\n                                        <input type=\"checkbox\" name=\"features[]\" value=\"reduktor\" class=\"smf-feature-input\">\n                                        <span class=\"smf-feature-box\">\n                                            <svg class=\"smf-feature-check\" viewBox=\"0 0 24 24\" fill=\"none\" stroke=\"currentColor\" stroke-width=\"3\">\n                                                <polyline points=\"20 6 9 17 4 12\"><\/polyline>\n                                            <\/svg>\n                                        <\/span>\n                                        <span class=\"smf-feature-label\">Red\u00fckt\u00f6rl\u00fc<\/span>\n                                    <\/label>\n                                    <label class=\"smf-feature-checkbox\" data-feature=\"enkoder\">\n                                        <input type=\"checkbox\" name=\"features[]\" value=\"enkoder\" class=\"smf-feature-input\">\n                                        <span class=\"smf-feature-box\">\n                                            <svg class=\"smf-feature-check\" viewBox=\"0 0 24 24\" fill=\"none\" stroke=\"currentColor\" stroke-width=\"3\">\n                                                <polyline points=\"20 6 9 17 4 12\"><\/polyline>\n                                            <\/svg>\n                                        <\/span>\n                                        <span class=\"smf-feature-label\">Enkoderli<\/span>\n                                    <\/label>\n                                    <label class=\"smf-feature-checkbox\" data-feature=\"fren\">\n                                        <input type=\"checkbox\" name=\"features[]\" value=\"fren\" class=\"smf-feature-input\">\n                                        <span class=\"smf-feature-box\">\n                                            <svg class=\"smf-feature-check\" viewBox=\"0 0 24 24\" fill=\"none\" stroke=\"currentColor\" stroke-width=\"3\">\n                                                <polyline points=\"20 6 9 17 4 12\"><\/polyline>\n                                            <\/svg>\n                                        <\/span>\n                                        <span class=\"smf-feature-label\">Frenli<\/span>\n                                    <\/label>\n                                <\/div>\n                            <\/div>\n                        <\/div>\n\n                        <!-- Form Actions -->\n                        <div class=\"smf-form-actions\">\n                            <!-- Submit Button - Solid Orange -->\n                            <button type=\"submit\" id=\"smf-submit-btn\" class=\"smf-submit-btn\">\n                                MOTOR BUL\n                            <\/button>\n\n                            <!-- Clear Filters -->\n                            <button type=\"button\" id=\"smf-clear-filters\" class=\"smf-clear-filters\">\n                                <span class=\"smf-clear-filters-icon\">\u21ba<\/span>\n                                Filtreleri Temizle\n                            <\/button>\n                        <\/div>\n\n                    <\/form>\n                <\/div>\n\n                <!-- Results Section -->\n                <section id=\"smf-results-section\" class=\"smf-results-section\" style=\"display: none;\">\n                    <!-- Loading Overlay -->\n                    <div id=\"smf-loading-overlay\" class=\"smf-loading-overlay\">\n                        <div class=\"smf-loading-content\">\n                            <div class=\"smf-spinner\"><\/div>\n                            <div class=\"smf-loading-text\">Motorlar aran\u0131yor...<\/div>\n                        <\/div>\n                    <\/div>\n\n                    <div class=\"smf-results-header\">\n                        <h3 class=\"smf-results-title\">Sonu\u00e7lar<\/h3>\n                        <span id=\"smf-results-count\" class=\"smf-results-count\">0 \u00fcr\u00fcn bulundu<\/span>\n                    <\/div>\n                    <div id=\"smf-results-grid\" class=\"smf-products-grid\">\n                        <!-- Results will be loaded here via AJAX -->\n                    <\/div>\n                <\/section>\n\n            <\/div>\n        <\/div>\n        <\/div>\n\t\t\t\t\t\t<\/div>\n\t\t\t\t\t<\/div>\n\t\t\t\t<\/div>\n\t\t\t\t<\/div>\n\t\t","protected":false},"excerpt":{"rendered":"","protected":false},"author":1,"featured_media":0,"parent":0,"menu_order":0,"comment_status":"closed","ping_status":"closed","template":"","meta":{"_acf_changed":false,"footnotes":""},"class_list":["post-17395","page","type-page","status-publish","hentry"],"acf":[],"_links":{"self":[{"href":"https:\/\/www.sahinrulman.com\/en\/wp-json\/wp\/v2\/pages\/17395","targetHints":{"allow":["GET"]}}],"collection":[{"href":"https:\/\/www.sahinrulman.com\/en\/wp-json\/wp\/v2\/pages"}],"about":[{"href":"https:\/\/www.sahinrulman.com\/en\/wp-json\/wp\/v2\/types\/page"}],"author":[{"embeddable":true,"href":"https:\/\/www.sahinrulman.com\/en\/wp-json\/wp\/v2\/users\/1"}],"replies":[{"embeddable":true,"href":"https:\/\/www.sahinrulman.com\/en\/wp-json\/wp\/v2\/comments?post=17395"}],"version-history":[{"count":0,"href":"https:\/\/www.sahinrulman.com\/en\/wp-json\/wp\/v2\/pages\/17395\/revisions"}],"wp:attachment":[{"href":"https:\/\/www.sahinrulman.com\/en\/wp-json\/wp\/v2\/media?parent=17395"}],"curies":[{"name":"wp","href":"https:\/\/api.w.org\/{rel}","templated":true}]}}