{"id":9023,"date":"2024-10-09T09:46:56","date_gmt":"2024-10-09T09:46:56","guid":{"rendered":"http:\/\/sahinrulman.com\/?page_id=9023"},"modified":"2024-10-09T09:46:58","modified_gmt":"2024-10-09T09:46:58","slug":"hakkimizda","status":"publish","type":"page","link":"https:\/\/www.sahinrulman.com\/en\/hakkimizda\/","title":{"rendered":"Hakk\u0131m\u0131zda"},"content":{"rendered":"\n<p>Ho\u015fgeldiniz.<\/p>\n\n\n\n<p>Say\u0131n m\u00fc\u015fterilerimiz, Firmam\u0131z 1986 y\u0131l\u0131ndan beri kendi konular\u0131nda uzmanla\u015fm\u0131\u015f \u00fcreticilerin yeni teknoloji rulmanlar\u0131n\u0131n ithalat\u0131n\u0131 ve distrib\u00fct\u00f6rl\u00fc\u011f\u00fcn\u00fc y\u00fcr\u00fctmekte olup, siz kullan\u0131c\u0131lar\u0131n ve sat\u0131c\u0131lar\u0131n hizmetine sunmaktad\u0131r.<\/p>\n\n\n\n<p>D\u00fcnyada halen \u00fcretilmekte olan ve yeni geli\u015ftirilen rulman modelleri, distrib\u00fct\u00f6rl\u00fc\u011f\u00fcn\u00fc y\u00fcr\u00fctt\u00fc\u011f\u00fcm\u00fcz rulman \u00fcreticileri taraf\u0131ndan da imalat programlar\u0131na al\u0131nmaktad\u0131r. Bu tip yeni nesil \u00fcr\u00fcnleri siz rulmanc\u0131 dostlar\u0131m\u0131z\u0131n ve makine imalatc\u0131lar\u0131m\u0131z\u0131n dikkatine sunmaktay\u0131z.<\/p>\n\n\n\n<p>\u00d6zellikle Lineer Hareket Sistemleri her ge\u00e7en g\u00fcn geni\u015fleyen stoklar\u0131m\u0131za ilave olarak yeni \u00fcr\u00fcnler de kat\u0131lmaktad\u0131r.<\/p>\n\n\n\n<p>\u00dcr\u00fcn yelpazemizdeki 20 de\u011fi\u015fik marka ve binlerce \u00e7e\u015fidi bir arada sunarak sizlere daha iyi hizmet verdi\u011fimize ve bu tip rulmanlar\u0131n makinelerde uygulanmas\u0131nda tasar\u0131m, montaj ve uzun \u00f6m\u00fcrl\u00fc kullan\u0131m gibi bir \u00e7ok problemlerinizi \u00e7\u00f6zebilece\u011fimize inan\u0131yoruz.<\/p>\n\n\n\n<p>Katalogda sunmu\u015f oldu\u011fumuz \u00fcr\u00fcnlerimize ilaveten a\u015fa\u011f\u0131daki ve daha bir\u00e7ok marka ve modeli stoklar\u0131m\u0131zda bulabilece\u011finiz gibi bulunmayan \u00fcr\u00fcnler en k\u0131sa s\u00fcrede ve uygun \u015fartlarda temin edilir.<\/p>\n\n\n\n<p>sayg\u0131lar<\/p>\n\n\n\n<p><strong>\u015eahin rulman San. ve Tic. Ltd. \u015eti<\/strong><\/p>\n\n\n\n<p>R. \u0130lker \u015eahin<\/p>\n\n\n\n<p>Mak. M\u00fch. &#8216;1993<\/p>\n","protected":false},"excerpt":{"rendered":"<p>Ho\u015fgeldiniz. Say\u0131n m\u00fc\u015fterilerimiz, Firmam\u0131z 1986 y\u0131l\u0131ndan beri kendi konular\u0131nda uzmanla\u015fm\u0131\u015f \u00fcreticilerin yeni teknoloji rulmanlar\u0131n\u0131n ithalat\u0131n\u0131 ve distrib\u00fct\u00f6rl\u00fc\u011f\u00fcn\u00fc y\u00fcr\u00fctmekte olup, siz kullan\u0131c\u0131lar\u0131n ve sat\u0131c\u0131lar\u0131n hizmetine sunmaktad\u0131r. D\u00fcnyada halen \u00fcretilmekte olan ve<\/p>\n","protected":false},"author":1,"featured_media":0,"parent":0,"menu_order":0,"comment_status":"closed","ping_status":"closed","template":"","meta":{"_acf_changed":false,"footnotes":""},"class_list":["post-9023","page","type-page","status-publish","hentry"],"acf":[],"_links":{"self":[{"href":"https:\/\/www.sahinrulman.com\/en\/wp-json\/wp\/v2\/pages\/9023","targetHints":{"allow":["GET"]}}],"collection":[{"href":"https:\/\/www.sahinrulman.com\/en\/wp-json\/wp\/v2\/pages"}],"about":[{"href":"https:\/\/www.sahinrulman.com\/en\/wp-json\/wp\/v2\/types\/page"}],"author":[{"embeddable":true,"href":"https:\/\/www.sahinrulman.com\/en\/wp-json\/wp\/v2\/users\/1"}],"replies":[{"embeddable":true,"href":"https:\/\/www.sahinrulman.com\/en\/wp-json\/wp\/v2\/comments?post=9023"}],"version-history":[{"count":0,"href":"https:\/\/www.sahinrulman.com\/en\/wp-json\/wp\/v2\/pages\/9023\/revisions"}],"wp:attachment":[{"href":"https:\/\/www.sahinrulman.com\/en\/wp-json\/wp\/v2\/media?parent=9023"}],"curies":[{"name":"wp","href":"https:\/\/api.w.org\/{rel}","templated":true}]}}