{"id":9029,"date":"2024-10-09T09:48:57","date_gmt":"2024-10-09T09:48:57","guid":{"rendered":"http:\/\/sahinrulman.com\/?page_id=9029"},"modified":"2024-10-09T09:48:58","modified_gmt":"2024-10-09T09:48:58","slug":"sartlar-ve-kosullar","status":"publish","type":"page","link":"https:\/\/www.sahinrulman.com\/en\/sartlar-ve-kosullar\/","title":{"rendered":"\u015eartlar ve Ko\u015fullar"},"content":{"rendered":"\n<p>UYARI: \u0130lgili yasa gere\u011fi<\/p>\n\n\n\n<p>\u0130nternet sitemize \u00fcye olan ve al\u0131\u015fveri\u015f yapan, her m\u00fc\u015fteri, taraf\u0131m\u0131zdan d\u00fczenlenmi\u015f olan a\u015fa\u011f\u0131daki sat\u0131\u015f s\u00f6zle\u015fmemizin t\u00fcm maddelerini ba\u015fka bir ihbara gerek kalmadan okumu\u015f ve kabul etmi\u015f say\u0131l\u0131r.<\/p>\n\n\n\n<p>MESAFEL\u0130 SATI\u015e S\u00d6ZLE\u015eMES\u0130<\/p>\n\n\n\n<p>MADDE 1 \u2013 KONU<\/p>\n\n\n\n<p>\u0130\u015f bu s\u00f6zle\u015fmenin konusu, ALICININ SATICIYA ait http:\/\/ www. sahinrulman.com\/ web sitesinden elektronik ortamda sipari\u015f verdi\u011fi, s\u00f6zle\u015fmede bahsi ge\u00e7en nitelikleri haiz ve yine s\u00f6zle\u015fmede sat\u0131\u015f fiyat\u0131 belirtilen mal\/\u00fcr\u00fcn\/hizmetin sat\u0131\u015f\u0131 ve teslimi ile ilgili olarak 4077 say\u0131l\u0131 T\u00fcketicilerin Korunmas\u0131 Hakk\u0131ndaki Kanun ve 6 Mart 2011 tarihli Mesafeli S\u00f6zle\u015fmelere Dair Y\u00f6netmelik h\u00fck\u00fcmleri gere\u011fince taraflar\u0131n hak ve y\u00fck\u00fcml\u00fcl\u00fcklerinin saptanmas\u0131d\u0131r. ALICI, sat\u0131\u015fa konu mal\/\u00fcr\u00fcn\/hizmetlerin temel nitelikleri, sat\u0131\u015f fiyat\u0131, \u00f6deme \u015fekli, teslimat ko\u015fullar\u0131 vs. sat\u0131\u015fa konu mal\/\u00fcr\u00fcn\/hizmet ile ilgili t\u00fcm \u00f6n bilgiler ve &#8220;cayma\u201d hakk\u0131 konusunda bilgi sahibi oldu\u011funu, bu \u00f6n bilgileri elektronik ortamda teyit etti\u011fini ve sonras\u0131nda mal\/\u00fcr\u00fcn\/hizmeti sipari\u015f verdi\u011fini i\u015fbu s\u00f6zle\u015fme h\u00fck\u00fcmlerince kabul ve beyan eder.<\/p>\n\n\n\n<p>&nbsp;http:\/\/ www. sahinrulman.com\/ sitesinde \u00f6deme sayfas\u0131nda yer alan \u00f6n bilgilendirme formu ve fatura ile Kullan\u0131c\u0131 S\u00f6zle\u015fmesi, Gizlilik Politikas\u0131 i\u015f bu s\u00f6zle\u015fmenin ayr\u0131lmaz par\u00e7alar\u0131d\u0131r. Sipari\u015f ger\u00e7ekle\u015fti\u011fi anda ALICI bu s\u00f6zle\u015fmenin t\u00fcm ko\u015fullar\u0131n\u0131 kabul etmi\u015f say\u0131l\u0131r.<\/p>\n\n\n\n<p>T\u00fcm haklar\u0131 SATICI&#8217;ya ait &#8221; www. sahinrulman.com\/\u201d adresli internet sitesi \u00fczerinden tekstil \u00fcr\u00fcnleri sat\u0131\u015fa sunulan mal\/\u00fcr\u00fcnlerdir.<\/p>\n\n\n\n<p>S\u00f6zle\u015fme konusu mal\/\u00fcr\u00fcnlere ili\u015fkin bilgiler ile bunlar\u0131n temel \u00f6zellikleri, Mal\/\u00dcr\u00fcn\u00fcn Cinsi\/t\u00fcr\u00fc, Miktar\u0131, Marka\/Modeli, Rengi ve T\u00fcm Vergiler D\u00e2hil Sat\u0131\u015f Bedeli www. sahinrulman.com\/adl\u0131 web sitesindeki \u00fcr\u00fcn\u00fcn tan\u0131t\u0131m sayfas\u0131nda yer alan bilgilerde ve i\u015fbu s\u00f6zle\u015fmenin ayr\u0131lmaz par\u00e7as\u0131 say\u0131lan faturada belirtildi\u011fi gibidir. SATICI teknik nedenlerden kaynaklanan fiyat g\u00fcncelleme hatalar\u0131ndan sorumlu de\u011fildir. Teslim fiyat\u0131 http:\/\/ www. sahinrulman.com\/ adl\u0131 web sitesinde belirtildi\u011fi gibidir.&nbsp;<\/p>\n\n\n\n<p>\u2022&nbsp; &nbsp; &nbsp; &nbsp; &nbsp;\u00d6deme \u015eekli, Fatura ve Teslimat Adresi \u0130rsaliye\/ \u0130rsaliyeli Fatura \/ Fatura \u00fczerinde belirtildi\u011fi gibidir.<\/p>\n\n\n\n<p>\u2022&nbsp; &nbsp; &nbsp; &nbsp; &nbsp;\u00dcr\u00fcn\u00fcn pe\u015fin fiyat\u0131 fatura i\u00e7eri\u011finde mevcuttur.<\/p>\n\n\n\n<p>\u2022&nbsp; &nbsp; &nbsp; &nbsp; &nbsp;\u00dcr\u00fcn\u00fcn sat\u0131\u015f fiyat\u0131na yap\u0131lan vadeye g\u00f6re fiyat\u0131, fatura i\u00e7eri\u011finde mevcuttur.<\/p>\n\n\n\n<p>\u2022&nbsp; &nbsp; &nbsp; &nbsp; &nbsp;\u00dcr\u00fcn\u00fcn pe\u015finat tutar\u0131, fatura i\u00e7eri\u011finde mevcuttur.<\/p>\n\n\n\n<p>\u2022&nbsp; &nbsp; &nbsp; &nbsp; &nbsp;Vadeli sat\u0131\u015flar\u0131n sadece Bankalara ait kredi kartlar\u0131 ile yap\u0131lmas\u0131 nedeniyle, ALICI, ilgili faiz oranlar\u0131n\u0131 ve temerr\u00fct faizi ile ilgili bilgileri bankas\u0131ndan ayr\u0131ca teyit edece\u011fini, y\u00fcr\u00fcrl\u00fckte bulunan mevzuat h\u00fck\u00fcmleri gere\u011fince faiz ve temerr\u00fct faizi ile ilgili h\u00fck\u00fcmlerin Banka ve ALICI aras\u0131ndaki kredi kart\u0131 s\u00f6zle\u015fmesi kapsam\u0131nda uygulanaca\u011f\u0131n\u0131 kabul, beyan ve taahh\u00fct eder. ALICI&#8217;n\u0131n, kredi kart\u0131 ile ve taksitle al\u0131\u015fveri\u015f yapmas\u0131 durumunda Site&#8217;den se\u00e7mi\u015f oldu\u011fu taksit bi\u00e7imi ge\u00e7erlidir. Taksitlendirme i\u015flemlerinde, ALICI ile kart sahibi banka aras\u0131nda imzalam\u0131\u015f bulunan s\u00f6zle\u015fmenin ilgili h\u00fck\u00fcmleri ge\u00e7erlidir. Kredi kart\u0131 \u00f6deme tarihi banka ile ALICI aras\u0131ndaki s\u00f6zle\u015fme h\u00fck\u00fcmlerince belirlenir. ALICI, ayr\u0131ca bankan\u0131n g\u00f6nderdi\u011fi hesap \u00f6zetinden taksit say\u0131s\u0131n\u0131 ve \u00f6demelerini takip edebilir.<\/p>\n\n\n\n<p>MADDE 2.1 &#8211; SATICI B\u0130LG\u0130LER\u0130<\/p>\n\n\n\n<p>Unvan \u015eahin Rulman<\/p>\n\n\n\n<p>Telefon: +90 (212) 577 03 29<\/p>\n\n\n\n<p>Email:&nbsp; sahinrulman@sahinrulman.com<\/p>\n\n\n\n<p>MADDE 2.2 &#8211; ALICI B\u0130LG\u0130LER\u0130<\/p>\n\n\n\n<p>M\u00fc\u015fteri olarak http:\/\/ www.sahinrulman.com\/ al\u0131\u015fveri\u015f sitesine \u00fcye olan ki\u015fi.<\/p>\n\n\n\n<p>\u00dcye olurken kullan\u0131lan adres ve ileti\u015fim bilgileri esas al\u0131n\u0131r.<\/p>\n\n\n\n<p>MADDE 3 &#8211; \u00dcR\u00dcN\u00dcN TESL\u0130M\u0130, S\u00d6ZLE\u015eMEN\u0130N \u0130FA YER\u0130 VE TESL\u0130M \u015eEKL\u0130<\/p>\n\n\n\n<p>ALICI&#8217;n\u0131n sat\u0131n ald\u0131\u011f\u0131 s\u00f6zle\u015fme konusu mal\/\u00fcr\u00fcnler, bedelinin eksiksiz \u00f6denmi\u015f olmas\u0131<\/p>\n\n\n\n<p>kayd\u0131yla, ALICI&#8217;n\u0131n teslimat\u0131n yap\u0131lmas\u0131n\u0131 istedi\u011fi adrese sipari\u015f onay\u0131ndan itibaren 10 i\u015f g\u00fcn\u00fc i\u00e7inde ve en ge\u00e7 30 (otuz) g\u00fcnl\u00fck yasal s\u00fcreyi a\u015fmamak kayd\u0131yla, teslim yap\u0131lacak adresteki ki\u015fiye kargo \u015firketi yetkilisi marifetiyle teslim edilir. Teslim s\u00fcresi, KULLANICI&#8217;ya daha \u00f6nceden yaz\u0131l\u0131 olarak veya bir s\u00fcrekli veri ta\u015f\u0131y\u0131c\u0131s\u0131yla bildirilmek ko\u015fulu ile 30 g\u00fcnl\u00fck s\u00fcreye ilaveten on g\u00fcn daha uzat\u0131labilir. S\u00fcrelerin hesab\u0131nda hafta tatil g\u00fcnleri, resmi tatiller, dini\/milli bayram g\u00fcnleri ve senenin son 4 g\u00fcn\u00fc hesaba kat\u0131lmayacakt\u0131r.<\/p>\n\n\n\n<p>ALICI, s\u00f6zle\u015fme konusu \u00fcr\u00fcn\u00fc teslim almadan \u00f6nce muayene edecek ezik, k\u0131r\u0131k, ambalaj\u0131 y\u0131rt\u0131lm\u0131\u015f vb. hasarl\u0131 ve ay\u0131pl\u0131 \u00fcr\u00fcn\u00fc kargo \u015firketinden teslim almayacakt\u0131r. Teslim al\u0131nan \u00fcr\u00fcn\u00fcn hasars\u0131z ve sa\u011flam oldu\u011fu kabul edilecektir.<\/p>\n\n\n\n<p>Teslimden sonra \u00fcr\u00fcn\u00fcn \u00f6zenle korunmas\u0131 borcu, ALICI&#8217;ya aittir.&nbsp;<\/p>\n\n\n\n<p>Teslim an\u0131nda ALICI&#8217;n\u0131n adresinde bulunmamas\u0131 durumunda dahi SATICI edimini tam ve eksiksiz olarak yerine getirmi\u015f olarak kabul edilecektir. Bu nedenle, ALICI&#8217;n\u0131n \u00fcr\u00fcn\u00fc ge\u00e7 teslim almas\u0131ndan kaynaklanan her t\u00fcrl\u00fc zarar ile \u00fcr\u00fcn\u00fcn kargo \u015firketinde beklemi\u015f olmas\u0131 ve\/veya kargonun SATICI&#8217;ya iade edilmesinden dolay\u0131 da olu\u015fan giderler de ALICI&#8217;ya aittir.<\/p>\n\n\n\n<p>ALICI, teslim edilecek adres ve ki\u015fi olarak kendisinden ba\u015fka bir ki\u015fi veya kurulu\u015fu g\u00f6stermi\u015f ise bu ki\u015fi veya kurulu\u015fun teslimat\u0131 kabul etmemesinden SATICI sorumlu tutulamaz.<\/p>\n\n\n\n<p>MADDE 3 \u2013 CAYMA<\/p>\n\n\n\n<p>ALICI, s\u00f6zle\u015fme konusu mal\/\u00fcr\u00fcn\u00fcn kendisine ve\/veya g\u00f6sterdi\u011fi adresteki ki\u015fi\/kurulu\u015fa teslimi tarihinden itibaren 7 (yedi) g\u00fcn i\u00e7inde cayma hakk\u0131na sahiptir. Cayma hakk\u0131n\u0131n kullan\u0131lmas\u0131 i\u00e7in bu s\u00fcre i\u00e7inde SATICI&#8217;ya yukar\u0131da belirtilen adres ve numaralar \u00fczerinden faks, e-posta veya telefon ile bildirimde bulunulmas\u0131 ve mal\/\u00fcr\u00fcn\u00fcn ilgili mevzuat h\u00fck\u00fcmleri \u00e7er\u00e7evesinde kullan\u0131lmam\u0131\u015f, paketi a\u00e7\u0131lmam\u0131\u015f, etiketi kesilmemi\u015f, \u00fcr\u00fcn zarar g\u00f6rmemi\u015f,<\/p>\n\n\n\n<p>y\u0131kanmam\u0131\u015f olarak, teslim edildi\u011fi orijinal haliyle ve\/veya tekrar sat\u0131labilir konumda, orijinal kutusu, ambalaj\u0131, varsa standart aksesuarlar\u0131 ve\/veya promosyonu ile birlikte eksiksiz ve hasars\u0131z olarak SATICI&#8217;ya g\u00f6nderilmesi \u015fartt\u0131r. Bu hakk\u0131n kullan\u0131lmas\u0131 halinde, mal\/\u00fcr\u00fcn bedeli ALICI&#8217;ya iade edilir.<\/p>\n\n\n\n<p>Cayma hakk\u0131n\u0131n kullan\u0131lmas\u0131 halinde ALICI&#8217;ya fatura asl\u0131n\u0131n geri g\u00f6nderilmesi \u015fartt\u0131r.<\/p>\n\n\n\n<p>Fatura asl\u0131 g\u00f6nderilmez ise KDV ve varsa sair yasal y\u00fck\u00fcml\u00fcl\u00fckler iade edilmeyecektir. Cayma hakk\u0131 kullan\u0131larak iade edilen mal\/\u00fcr\u00fcn\u00fcn kargo bedeli ALICI taraf\u0131ndan&nbsp; kar\u015f\u0131lanacakt\u0131r.&nbsp;<\/p>\n\n\n\n<p>\u00d6zel istek ve talepler uyar\u0131nca \u00fcretilen veya \u00fczerinde de\u011fi\u015fiklik ya da ilaveler yap\u0131larak ki\u015fiye \u00f6zel hale getirilen ya da niteli\u011fi itibariyle ve\/veya hijyenik nedenlerle iade edilemeyecek olan bir \u00fcr\u00fcn s\u00f6z konusu oldu\u011funda ve genel olarak \u00fcr\u00fcn kullan\u0131ld\u0131\u011f\u0131nda ya da kullan\u0131lmam\u0131\u015f olsa dahi ambalaj\u0131ndan \u00e7\u0131kar\u0131lmamas\u0131 gereklili\u011fi bildirilen \u00fcr\u00fcnler ambalaj\u0131ndan \u00e7\u0131kar\u0131ld\u0131\u011f\u0131nda iade<\/p>\n\n\n\n<p>hakk\u0131 kullan\u0131lamaz.<\/p>\n\n\n\n<p>SATICI, s\u00f6zle\u015fme konusu \u00fcr\u00fcn\u00fc<\/p>\n\n\n\n<p>sa\u011flam, eksiksiz, sipari\u015fte belirtilen niteliklere uygun ve varsa garanti belgeleri ve kullan\u0131m k\u0131lavuzlar\u0131 ile teslim edilmesinden sorumludur. Sat\u0131c\u0131, ALICIn\u0131n hi\u00e7bir hukuki ve cezai sorumluluk \u00fcstlenmeksizin ve hi\u00e7bir gerek\u00e7e g\u00f6stermeksizin \u00fcr\u00fcn\u00fc teslim ald\u0131\u011f\u0131 veya s\u00f6zle\u015fmenin imzaland\u0131\u011f\u0131 tarihten itibaren 7 (yedi) g\u00fcn i\u00e7erisinde \u00fcr\u00fcn\u00fc reddederek s\u00f6zle\u015fmeden cayma hakk\u0131n\u0131n var oldu\u011funu ve cayma bildiriminin sat\u0131c\u0131 veya sa\u011flay\u0131c\u0131ya ula\u015fmas\u0131 tarihinden itibaren \u00fcr\u00fcn\u00fc geri almay\u0131 taahh\u00fct etmektedir.<\/p>\n\n\n\n<p>Cayma hakk\u0131n\u0131n kullan\u0131lmas\u0131 halinde;<\/p>\n\n\n\n<p>Fatura \u00fczerinde yer alan iade ile ilgili k\u0131s\u0131mlar\u0131n ALICI taraf\u0131ndan doldurulmas\u0131 zorunludur.<\/p>\n\n\n\n<p>&nbsp;7 (Yedi) g\u00fcnl\u00fck s\u00fcre i\u00e7erisinde iade edilecek \u00fcr\u00fcnlerin kutusu, ambalaj\u0131, varsa standart aksesuarlar\u0131 ile birlikte olarak teslim edilmesi gerekmektedir. \u00dcr\u00fcnle birlikte hediye verilen<\/p>\n\n\n\n<p>sat\u0131\u015flarda, cayma hakk\u0131 kullan\u0131l\u0131r ise hediye de ALICI taraf\u0131ndan iade edilecektir. Cayma hakk\u0131n\u0131n kullan\u0131lmas\u0131n\u0131 takip eden 10 (On) i\u015f g\u00fcn\u00fc i\u00e7erisinde \u00fcr\u00fcn bedeli ALICI&#8217;ya \u00d6DED\u0130\u011e\u0130 \u015eEK\u0130LDE iade edilir. Al\u0131c\u0131&#8217;n\u0131n \u00fccret \u00f6demeden g\u00f6nderim yapabilmesi i\u00e7in g\u00f6nderim \u00f6ncesinde SATICI&#8217;n\u0131n websitesinde sipari\u015f durumu b\u00f6l\u00fcm\u00fcnde bulunan iade s\u00fcre\u00e7lerini tamamlayarak ilgili Kargo Firmas\u0131ndan g\u00f6nderim numaras\u0131 almas\u0131 gerekmektedir.<\/p>\n\n\n\n<p>\u00dcr\u00fcn SATICI&#8217;ya iade edilirken,<\/p>\n\n\n\n<p>\u00fcr\u00fcn\u00fcn teslimi s\u0131ras\u0131nda ALICI&#8217;ya ibraz edilmi\u015f olan orijinal faturan\u0131n da iade edilmesi gerekmektedir. \u00dcr\u00fcnle beraber iade edilecek olan faturan\u0131n iade b\u00f6l\u00fcm\u00fc doldurularak ve ALICI taraf\u0131ndan imzalanarak iade edilecektir.<\/p>\n\n\n\n<p>&nbsp;MADDE 4 &#8211; GENEL H\u00dcK\u00dcMLER&nbsp;<\/p>\n\n\n\n<p>\u2022&nbsp; &nbsp; &nbsp; &nbsp; &nbsp;SATICI&#8217;n\u0131n fiyat dahil t\u00fcm taahh\u00fct ve\/veya vaatleri \u00f6n bilgilerin verildi\u011fi ve mesafeli sat\u0131\u015f s\u00f6zle\u015fmesinin yap\u0131ld\u0131\u011f\u0131 anda ge\u00e7erli olup sonras\u0131nda de\u011fi\u015febilecektir.<\/p>\n\n\n\n<p>\u2022&nbsp; &nbsp; &nbsp; &nbsp; &nbsp;Sipari\u015flerin i\u015fleme al\u0131nma zaman\u0131, sipari\u015fin verildi\u011fi an de\u011fil, kredi kart\u0131 hesab\u0131ndan sipari\u015f tutar\u0131 kadar para blokesinin yap\u0131ld\u0131\u011f\u0131 and\u0131r.<\/p>\n\n\n\n<p>\u2022&nbsp; &nbsp; &nbsp; &nbsp; &nbsp;http:\/\/ www. sahinrulman.com\/&nbsp; t\u00fcm sipari\u015fleri, yasalar\u0131n gerektirdi\u011fi \u015fekilde irsaliyeli fatura veya irsaliye ve fatura e\u015fli\u011finde teslim edecektir. Hediye paketleri sevk irsaliyesi ile g\u00f6nderilecek; fatura, bilahare fatura adresine postalanacakt\u0131r. Yap\u0131lan al\u0131\u015fveri\u015flerdeki t\u00fcm fiyatlar KDV dahil TL olarak ifade edilmi\u015ftir. Kargo \u00fccreti ise se\u00e7ilen \u00fcr\u00fcne g\u00f6re SATICI&#8217;ya ait olaca\u011f\u0131 gibi ALICI&#8217;ya da ait olabilir.<\/p>\n\n\n\n<p>\u2022&nbsp; &nbsp; &nbsp; &nbsp; &nbsp;Herhangi bir nedenle mal\/\u00fcr\u00fcn bedeli \u00f6denmez veya banka kay\u0131tlar\u0131nda iptal edilir ise, SATICI \u00fcr\u00fcn\u00fcn teslimi y\u00fck\u00fcml\u00fcl\u00fc\u011f\u00fcnden kurtulmu\u015f kabul edilir.<\/p>\n\n\n\n<p>\u2022&nbsp; &nbsp; &nbsp; &nbsp; &nbsp;Mal\/\u00dcr\u00fcn\u00fcn tesliminden sonra ALICI&#8217;ya ait kredi kart\u0131n\u0131n ALICI&#8217;n\u0131n kusurundan kaynaklanan bir \u015fekilde yetkisiz ki\u015filerce haks\u0131z veya hukuka ayk\u0131r\u0131 olarak kullan\u0131lmas\u0131 nedeni ile ilgili banka veya finans kurulu\u015funun \u00fcr\u00fcn bedelini SATICI&#8217;ya \u00f6dememesi halinde, ALICI&#8217;n\u0131n kendisine teslim edilmi\u015f olmas\u0131 kayd\u0131yla \u00fcr\u00fcn\u00fcn 3 g\u00fcn i\u00e7inde SATICI&#8217;ya Site&#8217;de belrtilen kargo firmas\u0131 kanal\u0131yla kullan\u0131labilir ve eksiksiz&nbsp; halde g\u00f6ndermesi zorunludur.<\/p>\n\n\n\n<p>\u2022&nbsp; &nbsp; &nbsp; &nbsp; SATICI m\u00fccbir sebepler veya nakliyeyi engelleye hava muhalefeti, ula\u015f\u0131m\u0131n kesilmesi gibi ola\u011fan\u00fcst\u00fc durumlar nedeni ile<\/p>\n\n\n\n<p>s\u00f6zle\u015fme konusu \u00fcr\u00fcn\u00fc s\u00fcresi i\u00e7inde teslim edemez ise, durumu ALICI&#8217;ya bildirmekle y\u00fck\u00fcml\u00fcd\u00fcr. Bu takdirde ALICI sipari\u015fin iptal edilmesini,s\u00f6zle\u015fme konusu \u00fcr\u00fcn\u00fcn varsa emsali ile de\u011fi\u015ftirilmesini, ve\/veya teslimat s\u00fcresinin engelleyici durumun ortadan kalkmas\u0131na kadar ertelenmesi haklar\u0131ndan birini kullanabilir. ALICI&#8217;n\u0131n sipari\u015fi iptal etmesi halinde \u00f6dedi\u011fi tutar 10 g\u00fcn i\u00e7inde sipari\u015findeki \u00f6deme \u015fekline g\u00f6re defaten iadeedilir.<\/p>\n\n\n\n<p>\u2022&nbsp; &nbsp; &nbsp; &nbsp; &nbsp;Site&#8217;de sat\u0131\u015fta bulunan mal\/\u00fcr\u00fcnlere ili\u015fkin stok durumlar\u0131 tedarik\u00e7i firmalar\u0131n stoklar\u0131nda g\u00fcncellemelere ra\u011fmen, elde olmayan sebeplerden dolay\u0131 t\u00fckenmi\u015f olan \u00fcr\u00fcnleri g\u00f6sterebilir ve b\u00f6yle bir durumda g\u00f6nderim s\u00fcresi uzayabilir. Bu durumda m\u00fc\u015fteri telefon veya e-posta yolu ile bilgilendirilir. M\u00fc\u015fterinin talebine g\u00f6re \u015fipari\u015f de\u011fi\u015ftirilebilir, g\u00f6nderim beklenebilir veya sipari\u015f iptal edilebilir. Sipari\u015fin iptali durumunda, \u00f6deme kredi kart\u0131 ile yap\u0131lm\u0131\u015fsa kredi kart\u0131na iade edilir.<\/p>\n\n\n\n<p>\u2022&nbsp; &nbsp; &nbsp; &nbsp; &nbsp;SATICI, arac\u0131 kargo \u015firketini herhangi bir bilgi vermeksizin de\u011fi\u015ftirme hakk\u0131n\u0131 sakl\u0131 tutar.<\/p>\n\n\n\n<p>\u2022&nbsp; &nbsp; &nbsp; &nbsp; &nbsp;18 ya\u015f\u0131ndan k\u00fc\u00e7\u00fckler Site&#8217;den al\u0131\u015f-veri\u015f yapamaz.<\/p>\n\n\n\n<p>\u2022&nbsp; &nbsp; &nbsp; &nbsp; &nbsp;Dizgi ve sistem hatalar\u0131ndan meydana gelen fiyat yanl\u0131\u015fl\u0131klar\u0131ndan SATICI sorumlu de\u011fildir.&nbsp;<\/p>\n\n\n\n<p>\u2022&nbsp; &nbsp; &nbsp; &nbsp; &nbsp;ALICI, kredi kart\u0131 ile yapm\u0131\u015f oldu\u011fu i\u015flemlerinde temerr\u00fcde d\u00fc\u015fmesi halinde kart sahibi bankan\u0131n kendisi ile yapm\u0131\u015f oldu\u011fu kredi kart\u0131 s\u00f6zle\u015fmesi \u00e7er\u00e7evesinde faiz \u00f6deyecek ve bankaya kar\u015f\u0131 sorumlu olacakt\u0131r. Bu durumda ilgili banka hukuki yollara ba\u015fvurabilir; do\u011facak masraflar\u0131 ve vekalet \u00fccretini ALICI&#8217;dan talep edebilir ve her ko\u015fulda ALICI&#8217;n\u0131n borcundan dolay\u0131 temerr\u00fcde d\u00fc\u015fmesi halinde, ALICI, borcun gecikmeli ifas\u0131ndan dolay\u0131 SATICI&#8217;n\u0131n olu\u015fan zarar ve ziyan\u0131n\u0131 \u00f6demeyi kabul eder.<\/p>\n\n\n\n<p>\u2022&nbsp; &nbsp; &nbsp; &nbsp; &nbsp;\u00d6n Sipari\u015f : SATICI ALICI&#8217;n\u0131n talebi \u00fczerine, ALICI i\u00e7in \u00f6zel olarak \u00fcretilmek \u00fczere \u00f6n sipari\u015f kabul edilebilir. \u00d6n sipari\u015f durumunda \u00fcr\u00fcn bedelinin %40&#8217;\u0131 pe\u015finen tahsil edilir, bakiye bedel mal\/\u00fcr\u00fcn teslimini takiben kredi kart\u0131ndan tahsil edilir. \u00d6n sipari\u015f verilmi\u015f mal\/\u00fcr\u00fcn bak\u0131m\u0131ndan cayma hakk\u0131n\u0131n kullan\u0131lmas\u0131 halinde, mal\/\u00fcr\u00fcn bedelinin %20&#8217;si \u00f6zel sipari\u015fin iptali nedeniyle olu\u015fan SATICI zararlar\u0131n\u0131n kar\u015f\u0131l\u0131\u011f\u0131 olarak ALICI&#8217;n\u0131n \u00f6demi\u015f oldu\u011fu toplam bedelden mahsup edilerek, bakiye bedel ALICI&#8217;n\u0131n \u00f6deme yapt\u0131\u011f\u0131 y\u00f6ntemle ALICI&#8217;ya iade edilir.<\/p>\n\n\n\n<p>MADDE 5- YETK\u0130L\u0130 MAHKEME<\/p>\n\n\n\n<p>\u0130\u015fbu s\u00f6zle\u015fmeden kaynaklanabilecek<\/p>\n\n\n\n<p>ihtilaflarda, Sanayi ve Ticaret Bakanl\u0131\u011f\u0131nca ilan edilen de\u011fere kadar T\u00fcketici Hakem Heyetleri ile ALICIn\u0131n ve Sat\u0131c\u0131n\u0131n Yerle\u015fim yerlerindeki T\u00fcketici Mahkemeleri t\u00fcketici mahkemesi bulunamayan yerlerde Asliye Hukuk Mahkemeleri yetkilidir.<\/p>\n\n\n\n<p>MADDE 6 \u2013 Y\u00dcR\u00dcRL\u00dcK<\/p>\n\n\n\n<p>ALICI, gerek sipari\u015f verilmeden \u00f6nce internet sitesinde gerekse de sipari\u015f verildikten sonra i\u015f bu s\u00f6zle\u015fmeyi okudu\u011funu, i\u00e7erdi\u011fi t\u00fcm bilgi ve ko\u015fullar\u0131 kabul etti\u011fini kabul, beyan ve taahh\u00fct etmi\u015ftir. \u0130\u015fbu S\u00f6zle\u015fme ALICI taraf\u0131ndan elektronik ortamda teyid edilmekle ge\u00e7erlilik kazan\u0131r. Her halukarda Site \u00fczerinden verilen sipari\u015fe ait \u00f6demenin ger\u00e7ekle\u015fmesi durumunda ALICI i\u015fbu s\u00f6zle\u015fmenin t\u00fcm ko\u015fullar\u0131n\u0131 kabul etmi\u015f say\u0131lacakt\u0131r. SATICI, s\u00f6z konusu s\u00f6zle\u015fmenin site \u00fczerinde, ALICI taraf\u0131ndan okundu\u011funa ve kabul edildi\u011fine dair onay almaks\u0131z\u0131n sipari\u015f<\/p>\n\n\n\n<p>verilememesini sa\u011flayacak yaz\u0131l\u0131msal d\u00fczenlemeleri yapmakla y\u00fck\u00fcml\u00fcd\u00fcr. Bu s\u00f6zle\u015fmede h\u00fck\u00fcm olmad\u0131\u011f\u0131 hallerde 4077 say\u0131l\u0131 T\u00fcketicilerin Korunmas\u0131 Hakk\u0131ndaki Kanun ve 6 Mart 2011 tarihli Mesafeli S\u00f6zle\u015fmelere Dair Y\u00f6netmelik h\u00fck\u00fcmleri uygulanacakt\u0131r.<\/p>\n\n\n\n<p>Te\u015fekk\u00fcrlerimizle,<\/p>\n\n\n\n<p>&nbsp;Not: Aksi Belirtilmedi\u011fi halde kargo tutar\u0131 m\u00fc\u015fteriye aittir.<\/p>\n","protected":false},"excerpt":{"rendered":"<p>UYARI: \u0130lgili yasa gere\u011fi \u0130nternet sitemize \u00fcye olan ve al\u0131\u015fveri\u015f yapan, her m\u00fc\u015fteri, taraf\u0131m\u0131zdan d\u00fczenlenmi\u015f olan a\u015fa\u011f\u0131daki sat\u0131\u015f s\u00f6zle\u015fmemizin t\u00fcm maddelerini ba\u015fka bir ihbara gerek kalmadan okumu\u015f ve kabul etmi\u015f<\/p>\n","protected":false},"author":1,"featured_media":0,"parent":0,"menu_order":0,"comment_status":"closed","ping_status":"closed","template":"","meta":{"_acf_changed":false,"footnotes":""},"class_list":["post-9029","page","type-page","status-publish","hentry"],"acf":[],"_links":{"self":[{"href":"https:\/\/www.sahinrulman.com\/en\/wp-json\/wp\/v2\/pages\/9029","targetHints":{"allow":["GET"]}}],"collection":[{"href":"https:\/\/www.sahinrulman.com\/en\/wp-json\/wp\/v2\/pages"}],"about":[{"href":"https:\/\/www.sahinrulman.com\/en\/wp-json\/wp\/v2\/types\/page"}],"author":[{"embeddable":true,"href":"https:\/\/www.sahinrulman.com\/en\/wp-json\/wp\/v2\/users\/1"}],"replies":[{"embeddable":true,"href":"https:\/\/www.sahinrulman.com\/en\/wp-json\/wp\/v2\/comments?post=9029"}],"version-history":[{"count":0,"href":"https:\/\/www.sahinrulman.com\/en\/wp-json\/wp\/v2\/pages\/9029\/revisions"}],"wp:attachment":[{"href":"https:\/\/www.sahinrulman.com\/en\/wp-json\/wp\/v2\/media?parent=9029"}],"curies":[{"name":"wp","href":"https:\/\/api.w.org\/{rel}","templated":true}]}}