{"id":14427,"date":"2024-08-20T09:37:19","date_gmt":"2024-08-20T06:37:19","guid":{"rendered":"https:\/\/www.sahinrulman.com\/servo-motor-with-brake-0-75-kw-sg-15a\/"},"modified":"2025-10-17T13:26:31","modified_gmt":"2025-10-17T10:26:31","slug":"servo-motor-with-brake-0-75-kw-sg-15a","status":"publish","type":"product","link":"https:\/\/www.sahinrulman.com\/en\/servo-motor-with-brake-0-75-kw-sg-15a\/","title":{"rendered":"Servo Motor with Brake 0.75 kW &#8211; SG-15A"},"content":{"rendered":"\r\n<h3><b>Frenli Servo Motor \u00c7e\u015fitleri &#8211; 80SY-M02430 &#038; SG-15A <\/b><\/h3>\r\n<p>80SY-M02430 &#038; SG-15A frenli servo motor \u00e7e\u015fitleri \u00f6zelliklerine g\u00f6re de\u011fi\u015fiklik g\u00f6stermektedir. 60SY-M01330 &#038; SG15A frenli servo motor, 0.75 kw g\u00fc\u00e7 de\u011ferine sahip olmakla beraber, ayn\u0131 zamanda fabrika otomasyonlar\u0131nda, laboratuvar ekipmanlar\u0131nda, otomobil test cihazlar\u0131nda ve di\u011fer hassas uygulamalarda kullanmak i\u00e7in ideal bir frenli servo motor \u00e7e\u015fididir. Bu sayede uygulaman\u0131n kontrol edilen y\u00fck\u00fcn\u00fc sabit bir h\u0131zda tutarak, hassas ve dinamik \u015fekilde \u00e7al\u0131\u015fmas\u0131n\u0131 sa\u011flar. Bir\u00e7ok \u00fcretici taraf\u0131ndan tercih edilen, 80SY-M02430 &#038; SG-15A frenli servo motor \u00e7e\u015fidi, ak\u0131lc\u0131 \u00e7\u00f6z\u00fcmler sunmaktad\u0131r. 2.4 Nm\u2019lik tutma torku ile frenli servo motorunuzun profesyonel bir hassas ve dinamik bir h\u0131zda \u00e7al\u0131\u015fmas\u0131na olanak tan\u0131r. Buna ek olarak 80&#215;80 mm\u2019lik flan\u015f de\u011feri makinan\u0131z\u0131n verimli ve g\u00fcvenli \u00e7al\u0131\u015fmas\u0131n\u0131 destekler. \u015eahin Rulman\u2019dan 80SY-M02430 &#038; SG-15A frenli servo motor \u00e7e\u015fidini hemen sipari\u015f vererek, makinan\u0131z\u0131n profesyonel bir \u015fekilde \u00e7al\u0131\u015fmas\u0131n\u0131 sa\u011flayabilirsiniz.<\/p>\r\n<h3><b>80SY-M02430 &#038; SG-15A Frenli Servo Motor Fiyatlar\u0131<\/b><\/h3>\r\n<p>Frenli servo motor fiyatlar\u0131 genel olarak \u00f6zelli\u011fine g\u00f6re de\u011fi\u015fmektedir. 3000 devir g\u00fcce sahip 80SY-M02430 &#038; SG-15A frenli servo motor fiyat\u0131 olduk\u00e7a avantajl\u0131d\u0131r. Makinan\u0131z\u0131 kullan\u0131rken performans\u0131n\u0131 ve i\u015flevselli\u011fini art\u0131ran 80SY-M02430 &#038; SG-15A frenli servo motor \u00e7e\u015fidini, hemen sipari\u015f vererek, k\u0131sa s\u00fcrede sahip olabilirsiniz.<\/p>\r\n<h4 style=\"text-align: left;\"><b>0.75 Kw Servo Motor Kurulum Ayarlar\u0131<\/b><\/h4>\r\n<p><iframe src=\"https:\/\/www.youtube.com\/embed\/P-U-uiGvZBE?rel=0\" width=\"100%\" height=\"315\" frameborder=\"0\" allowfullscreen=\"allowfullscreen\"><\/iframe><\/p>\r\n<div class=\"col-lg-12\">\r\n<div class=\"col-lg-5\">\r\n<h2>0.75 Kw Servo Motor \u00d6zellikleri<\/h2>\r\n<ul>\r\n<li><b>Servo motor \u00e7al\u0131\u015fma ortam\u0131:<\/b>\u00a00 \u2103 ~ 55 \u2103<\/li>\r\n<li><b>Kutuplar:\u00a0<\/b>4 kutuplu servo motor<\/li>\r\n<li><b>Artt\u0131r\u0131ml\u0131 enkoder \u00e7izgi:\u00a0<\/b>2500 \/ 5000PPR<\/li>\r\n<li><b>Absolute enkoder:\u00a0<\/b>17<\/li>\r\n<li><b>Nem Oran\u0131 maksimum:\u00a0<\/b>90%<\/li>\r\n<li><b>Yal\u0131t\u0131m S\u0131n\u0131f\u0131:<\/b>\u00a0B<\/li>\r\n<li><b>Servo Motor Koruma S\u0131n\u0131f\u0131:\u00a0<\/b>IP54<\/li>\r\n<li><b>Servo Motor \u0130zolasyon Gerilimi:<\/b>\u00a0AC1500V, 1 dakika<\/li>\r\n<li><b>Servo Motor \u0130zolasyon Direnci:\u00a0<\/b>DC500V, 10M\u03a9 veya daha fazla<\/li>\r\n<li><b>Yap\u0131:<\/b>\u00a0Kendinden so\u011futmal\u0131 servo motor<\/li>\r\n<li><b>Titre\u015fim:<\/b>\u00a02.5G veya daha az<\/li>\r\n<li><b>Rak\u0131m:\u00a0<\/b>1000m veya daha az<\/li>\r\n<li><b>\u00c7al\u0131\u015fma:<\/b>\u00a0Servo motor aral\u0131ks\u0131z \u00e7al\u0131\u015f\u0131r.<\/li>\r\n<li><b>Servo Motor Montaj:<\/b>\u00a0Flan\u015f Montaj\u0131<\/li>\r\n<\/ul>\r\n<h4><b>SG15A Servo Motor Dahili H\u0131z Kontrol Modu<\/b><\/h4>\r\n<p>PA-4=> 1 (speed kontrol mode)<\/p>\r\n<p>PA-22=> 0<\/p>\r\n<p>PA-24=> istenen devir..<\/p>\r\n<h4><b><a href=\"https:\/\/www.sahinrulman.com\/site\/images\/stories\/teknik-ozellikler\/servomotorsurucu\/servo-motor-hiz-kademeleri.jpg\">Servo Motor H\u0131z Kademeleri<\/a>\u00a0i\u00e7in t\u0131klay\u0131n\u0131z.\u00a0<\/b><\/h4>\r\n<p>Dahili Servo_On parametresi : PA53 => 1 (24 Volt ile enable yapmak yerine&#8230;)<\/p>\r\n<h4><b>Servo Motor O-10 VOLT S\u00fcrme Parametreleri<\/b><\/h4>\r\n<p>PA4 => 1<\/p>\r\n<p>PA43=> 3000 (motorun maksimum devri)<\/p>\r\n<p>PIN NUMBER 12 => + 10Volt<\/p>\r\n<p>PIN NUMBER 13 => 0 Volt<\/p>\r\n<p>start stop i\u00e7in r\u00f6le ile<\/p>\r\n<p>PIN 8 => +24<\/p>\r\n<p>PIN 20 => 0 volt<\/p>\r\n<\/div>\r\n<div class=\"col-lg-7\">\r\n<h3 style=\"text-align: center;\"><b>80SY-M02430 Servo Motor Teknik \u00d6zellikleri<\/b><\/h3>\r\n<a title=\"Servo Motor 80SY-M02430\" href=\"https:\/\/www.sahinrulman.com\/site\/images\/stories\/teknik-ozellikler\/servomotorsurucu\/servo-motor-80sy-m02430.jpg\" target=\"_blank\" rel=\"noopener\"><img decoding=\"async\" style=\"width: 100%;\" src=\"https:\/\/www.sahinrulman.com\/site\/images\/stories\/teknik-ozellikler\/servomotorsurucu\/servo-motor-80sy-m02430.jpg\"\/><\/a><\/div>\r\n<\/div>\r\n<h3 style=\"text-align: center;\">Servo Motor S\u00fcr\u00fcc\u00fc Standart Ba\u011flant\u0131 Ayarlar\u0131<\/h3>\r\n<p><img decoding=\"async\" style=\"width: 100%;\" src=\"https:\/\/www.sahinrulman.com\/image\/catalog\/servo-motor-surucu\/servo-motor-baglanti-uclari.jpg\"\/><\/p>\r\n<div class=\"col-lg-6 col-md-6 col-xs-12\" style=\"text-align: center; border: 2px solid; border-radius: 15px;\"><a href=\"https:\/\/www.sahinrulman.com\/site\/images\/stories\/teknik-ozellikler\/servomotorsurucu\/SG-Serisi-Servo-Motor-Driver-User-Manuel-Katalog.pdf\" target=\"_blank\" rel=\"noopener\"><b>SG15A Servo S\u00fcr\u00fcc\u00fc Katalo\u011fu<\/b><\/a><b><\/b><\/div>\r\n","protected":false},"excerpt":{"rendered":"<table width=\"100%\">\n<tbody>\n<tr>\n<td>POWER<\/td>\n<td>0.75 kW<\/td>\n<\/tr>\n<tr>\n<td>TORQUE\n<\/td>\n<td>2.4 Nm<\/td>\n<\/tr>\n<tr>\n<td>RPM<\/td>\n<td>3000 rpm\/min<\/td>\n<\/tr>\n<tr>\n<td>FLANGE<\/td>\n<td>80&#215;80 mm<\/td>\n<\/tr>\n<\/tbody>\n<\/table>\n","protected":false},"featured_media":13395,"comment_status":"open","ping_status":"closed","template":"","meta":{"_acf_changed":false,"_iconic_wsb_product_page_order_bump_ids":[[7827]],"_sku":["80SY-M02430 & SG-15A"],"_iconic_wsb_product_page_bump_modal_ids":[[]]},"product_brand":[],"product_cat":[561,562,560],"product_tag":[],"class_list":{"0":"post-14427","1":"product","2":"type-product","3":"status-publish","4":"has-post-thumbnail","6":"product_cat-electronic-products","7":"product_cat-servo-motor-with-brake","8":"product_cat-servo-motors","9":"tm-no-options","11":"first","12":"instock","13":"taxable","14":"shipping-taxable","15":"purchasable","16":"product-type-simple"},"acf":{"motor_tork_max":"","motor_hiz_max":"","motor_guc":"","motor_calisma_tipi":"surekli","motor_reduktor_durumu":"dahili","step_holding_torque":"","step_nema_size":false,"step_current":"","step_hiz_max":"","step_flange_size":"","ozelligi_ne":[],"uyumlu_surucu":null},"_links":{"self":[{"href":"https:\/\/www.sahinrulman.com\/en\/wp-json\/wp\/v2\/product\/14427","targetHints":{"allow":["GET"]}}],"collection":[{"href":"https:\/\/www.sahinrulman.com\/en\/wp-json\/wp\/v2\/product"}],"about":[{"href":"https:\/\/www.sahinrulman.com\/en\/wp-json\/wp\/v2\/types\/product"}],"replies":[{"embeddable":true,"href":"https:\/\/www.sahinrulman.com\/en\/wp-json\/wp\/v2\/comments?post=14427"}],"wp:featuredmedia":[{"embeddable":true,"href":"https:\/\/www.sahinrulman.com\/en\/wp-json\/wp\/v2\/media\/13395"}],"wp:attachment":[{"href":"https:\/\/www.sahinrulman.com\/en\/wp-json\/wp\/v2\/media?parent=14427"}],"wp:term":[{"taxonomy":"product_brand","embeddable":true,"href":"https:\/\/www.sahinrulman.com\/en\/wp-json\/wp\/v2\/product_brand?post=14427"},{"taxonomy":"product_cat","embeddable":true,"href":"https:\/\/www.sahinrulman.com\/en\/wp-json\/wp\/v2\/product_cat?post=14427"},{"taxonomy":"product_tag","embeddable":true,"href":"https:\/\/www.sahinrulman.com\/en\/wp-json\/wp\/v2\/product_tag?post=14427"}],"curies":[{"name":"wp","href":"https:\/\/api.w.org\/{rel}","templated":true}]}}