{"id":14601,"date":"2024-08-20T10:22:47","date_gmt":"2024-08-20T10:22:47","guid":{"rendered":"https:\/\/www.sahinrulman.com\/servo-motor-with-brake-4-30-kw-sg-as50af\/"},"modified":"2026-05-11T11:44:56","modified_gmt":"2026-05-11T08:44:56","slug":"servo-motor-with-brake-4-30-kw-sg-as50af","status":"publish","type":"product","link":"https:\/\/www.sahinrulman.com\/en\/servo-motor-with-brake-4-30-kw-sg-as50af\/","title":{"rendered":"Servo Motor with Brake 4.30 kW &#8211; SG-AS50AF"},"content":{"rendered":"\r\n<h3><b>Frenli Servo Motor \u00c7e\u015fitleri &#8211; 180SY-M27015 &#038; SG-AS50AF <\/b><\/h3>\r\n<p>180SY-M27015 &#038; SG-AS50AF frenli servo motor \u00e7e\u015fitleri \u00f6zelliklerine g\u00f6re de\u011fi\u015fiklik g\u00f6stermektedir. 180SY-M27015 &#038; SG-AS50AF frenli servo motor, 4.3 kw g\u00fc\u00e7 de\u011ferine sahip olmakla beraber, ayn\u0131 zamanda fabrika otomasyonlar\u0131nda, laboratuvar ekipmanlar\u0131nda, otomobil test cihazlar\u0131nda ve di\u011fer hassas uygulamalarda kullanmak i\u00e7in ideal bir frenli servo motor \u00e7e\u015fididir. Bu sayede uygulaman\u0131n kontrol edilen y\u00fck\u00fcn\u00fc sabit bir h\u0131zda tutarak, hassas ve dinamik \u015fekilde \u00e7al\u0131\u015fmas\u0131n\u0131 sa\u011flar. Bir\u00e7ok \u00fcretici taraf\u0131ndan tercih edilen, 180SY-M27015 &#038; SG-AS50AF frenli servo motor \u00e7e\u015fidi, ak\u0131lc\u0131 \u00e7\u00f6z\u00fcmler sunmaktad\u0131r. 27 Nm\u2019lik tutma torku ile frenli servo motorunuzun profesyonel bir hassas ve dinamik bir h\u0131zda \u00e7al\u0131\u015fmas\u0131na olanak tan\u0131r. Buna ek olarak 180&#215;180 mm\u2019lik flan\u015f de\u011feri makinan\u0131z\u0131n verimli ve g\u00fcvenli \u00e7al\u0131\u015fmas\u0131n\u0131 destekler. \u015eahin Rulman\u2019dan 180SY-M27015 &#038; SG-AS50AF frenli servo motor \u00e7e\u015fidini hemen sipari\u015f vererek, makinan\u0131z\u0131n profesyonel bir \u015fekilde \u00e7al\u0131\u015fmas\u0131n\u0131 sa\u011flayabilirsiniz.<\/p>\r\n<h3><b> 180SY-M27015 &#038; SG-AS50AF Frenli Servo Motor Fiyatlar\u0131<\/b><\/h3>\r\n<p>Frenli servo motor fiyatlar\u0131 genel olarak \u00f6zelli\u011fine g\u00f6re de\u011fi\u015fmektedir. 1500 devir g\u00fcce sahip 180SY-M27015 &#038; SG-AS50AF frenli servo motor fiyat\u0131 olduk\u00e7a avantajl\u0131d\u0131r. Makinan\u0131z\u0131 kullan\u0131rken performans\u0131n\u0131 ve i\u015flevselli\u011fini art\u0131ran 180SY-M27015 &#038; SG-AS50AF frenli servo motor \u00e7e\u015fidini, hemen sipari\u015f vererek, k\u0131sa s\u00fcrede sahip olabilirsiniz.<\/p>\r\n<h4 style=\"font-family: 'Open Sans', sans-serif; color: #000000; text-align: center;\"><b>Harici Diren\u00e7 De\u011ferleri :600watt ,20<\/b><b>ohm<\/b><\/h4>\r\n<h3 align=\"center\">180SY-M27015 Devreye Alma ve Jog Modunda \u00c7al\u0131\u015ft\u0131rma<\/h3>\r\n<table width=\"100%\" cellpadding=\"10\" align=\"center\">\r\n<tbody>\r\n<tr>\r\n<td align=\"center\" width=\"50%\"><iframe title=\"YouTube video player\" src=\"https:\/\/www.youtube.com\/embed\/lmBljwX2PWA?si=GtfIlcri4G0miTe1\" width=\"560\" height=\"315\" frameborder=\"0\" allowfullscreen=\"allowfullscreen\">\r\n            <\/iframe><\/td>\r\n<td align=\"center\" width=\"50%\"><iframe title=\"YouTube video player\" src=\"https:\/\/www.youtube.com\/embed\/MYJDCJ9-MhA?si=ZJqUE92AhXi1lcIV\" width=\"560\" height=\"315\" frameborder=\"0\" allowfullscreen=\"allowfullscreen\">\r\n            <\/iframe><\/td>\r\n<\/tr>\r\n<\/tbody>\r\n<\/table>\r\n<div class=\"col-lg-6\">\r\n<h4><b>Sinyal Kablosu Pin ve Renkler<\/b><\/h4>\r\n<b><br\/><img decoding=\"async\" style=\"width: 100%;\" src=\"https:\/\/www.sahinrulman.com\/image\/catalog\/servo motor\/kablo_renkleri.png\"\/> SG-AS SER\u0130S\u0130 S\u00dcR\u00dcC\u00dcLER \u0130\u00c7\u0130N DAH\u0130L\u0130 SERVO-ON PARAMETRES\u0130 : PA50A => 8171 (24 VOLT \u0130LE ENABLE YAPMAK YER\u0130NE&#8230;) <br\/><\/b>\r\n<h4 style=\"font-family: 'Open Sans', sans-serif; color: #000000;\"><b>\u00a0<\/b><\/h4>\r\n<h4><b style=\"color: inherit; font-family: inherit;\">180SY-M27015 Alarm Ba\u011flant\u0131s\u0131<\/b><\/h4>\r\n<h4 style=\"font-family: 'Open Sans', sans-serif; color: #000000;\"><b>\u00a0<\/b><\/h4>\r\n<p>\u00a0<\/p>\r\n<p>5 => ALM+ (24 VOLT +)<\/p>\r\n<p>20 => ALM- (0 VOLT)<\/p>\r\n<p>\u00a0<\/p>\r\n<p><span style=\"color: #666666; font-family: Roboto, sans-serif; font-size: 13px;\">SGAS50AF s\u00fcr\u00fcc\u00fc motor kodu:\u00a0<\/span><b style=\"color: #666666; font-family: Roboto, sans-serif; font-size: 13px;\">Pn0A0 => C4<\/b><\/p>\r\n<p><b style=\"color: #666666; font-family: Roboto, sans-serif; font-size: 13px;\">Elektronik di\u015fli b\u00f6len parametresi : Pn20E<\/b><\/p>\r\n<p><b style=\"color: #666666; font-family: Roboto, sans-serif; font-size: 13px;\">Elektronik di\u015fli \u00e7arpan parametresi : Pn210<\/b><\/p>\r\n<h4 style=\"font-family: 'Open Sans', sans-serif; color: #000000;\">\u00a0<\/h4>\r\n<div><u>\u00a0<\/u><\/div>\r\n<p>\u00a0<\/p>\r\n<\/div>\r\n<div class=\"col-lg-6\">\r\n<h3 style=\"text-align: left;\"><b>180SY-M27015 Servo Motor Teknik \u00d6zellikleri<\/b><\/h3>\r\n<img decoding=\"async\" style=\"width: 100%;\" src=\"https:\/\/www.sahinrulman.com\/site\/images\/stories\/teknik-ozellikler\/servomotorsurucu\/servo-motor-180sy-m27015.jpg\"\/><\/div>\r\n<div class=\"col-lg-12\">\r\n<h4><b>\u00a0<\/b><\/h4>\r\n<h4><b>Servo Motor S\u00fcr\u00fcc\u00fc Temel Ba\u011flant\u0131 \u015eemas\u0131<\/b><\/h4>\r\n<b><img decoding=\"async\" style=\"width: 100%;\" src=\"https:\/\/www.sahinrulman.com\/site\/images\/stories\/teknik-ozellikler\/servomotorsurucu\/servo-motor-temel-baglanti-semasi.png\"\/> <\/b><\/div>\r\n","protected":false},"excerpt":{"rendered":"<table width=\"100%\">\n<tbody>\n<tr>\n<td>POWER\n<\/td>\n<td>4.3 kW<\/td>\n<\/tr>\n<tr>\n<td>TORQUE<\/td>\n<td>27 Nm<\/td>\n<\/tr>\n<tr>\n<td>RPM\n<\/td>\n<td>1580 rpm\/min<\/td>\n<\/tr>\n<tr>\n<td>FLANGE<\/td>\n<td>180&#215;180 mm<\/td>\n<\/tr>\n<\/tbody>\n<\/table>\n","protected":false},"featured_media":13418,"comment_status":"open","ping_status":"closed","template":"","meta":{"_acf_changed":false,"_iconic_wsb_product_page_order_bump_ids":[[7838]],"_sku":["130SY-M20015 & SG-50A-1-1-1"],"_iconic_wsb_product_page_bump_modal_ids":[[]]},"product_brand":[],"product_cat":[561,562,560],"product_tag":[],"class_list":{"0":"post-14601","1":"product","2":"type-product","3":"status-publish","4":"has-post-thumbnail","6":"product_cat-electronic-products","7":"product_cat-servo-motor-with-brake","8":"product_cat-servo-motors","9":"tm-no-options","11":"first","12":"instock","13":"taxable","14":"shipping-taxable","15":"purchasable","16":"product-type-simple"},"acf":{"motor_tork_max":"","motor_hiz_max":"","motor_guc":"","motor_calisma_tipi":"surekli","motor_reduktor_durumu":"dahili","step_holding_torque":"","step_nema_size":false,"step_current":"","step_hiz_max":"","step_flange_size":"","ozelligi_ne":[],"uyumlu_surucu":null},"_links":{"self":[{"href":"https:\/\/www.sahinrulman.com\/en\/wp-json\/wp\/v2\/product\/14601","targetHints":{"allow":["GET"]}}],"collection":[{"href":"https:\/\/www.sahinrulman.com\/en\/wp-json\/wp\/v2\/product"}],"about":[{"href":"https:\/\/www.sahinrulman.com\/en\/wp-json\/wp\/v2\/types\/product"}],"replies":[{"embeddable":true,"href":"https:\/\/www.sahinrulman.com\/en\/wp-json\/wp\/v2\/comments?post=14601"}],"wp:featuredmedia":[{"embeddable":true,"href":"https:\/\/www.sahinrulman.com\/en\/wp-json\/wp\/v2\/media\/13418"}],"wp:attachment":[{"href":"https:\/\/www.sahinrulman.com\/en\/wp-json\/wp\/v2\/media?parent=14601"}],"wp:term":[{"taxonomy":"product_brand","embeddable":true,"href":"https:\/\/www.sahinrulman.com\/en\/wp-json\/wp\/v2\/product_brand?post=14601"},{"taxonomy":"product_cat","embeddable":true,"href":"https:\/\/www.sahinrulman.com\/en\/wp-json\/wp\/v2\/product_cat?post=14601"},{"taxonomy":"product_tag","embeddable":true,"href":"https:\/\/www.sahinrulman.com\/en\/wp-json\/wp\/v2\/product_tag?post=14601"}],"curies":[{"name":"wp","href":"https:\/\/api.w.org\/{rel}","templated":true}]}}