{"id":14612,"date":"2024-09-20T12:40:10","date_gmt":"2024-09-20T12:40:10","guid":{"rendered":"https:\/\/www.sahinrulman.com\/stepper-motor-nema-23-1-4-nm\/"},"modified":"2026-04-02T15:01:34","modified_gmt":"2026-04-02T12:01:34","slug":"stepper-motor-nema-23-1-4-nm","status":"publish","type":"product","link":"https:\/\/www.sahinrulman.com\/en\/stepper-motor-nema-23-1-4-nm\/","title":{"rendered":"Stepper Motor Nema 23 1.4 Nm"},"content":{"rendered":"<h2 style=\"text-align: center;\"><b><a href=\"https:\/\/www.sahinrulman.com\/step-motor-nema-23-14nm\">NEMA 23 STEPPER MOTOR<\/a><\/b><\/h2>\n<h2><b>Nema 23- 57BHH56 Stepper Motor Types<\/b><\/h2>\n<p>Nema 23 &#8211; 57BHP56 Stepper Motor Types vary according to their features. The Nema 23 &#8211; 57BHP56 model stepper motor has a power rating of 4.0 amps and is also an ideal stepper motor type for use in carrier systems, medical devices and solar panels. In this way, you can eliminate complexity by providing precise control. Nema 23 &#8211; 57BHP56 stepper motor type, preferred by many manufacturers, offers rational solutions.   <\/p>\n<p>The 1.4 Nm holding torque ensures that your stepper motor remains professionally stable. In addition, the flange value of 57&#215;57 mm supports the efficient and safe operation of your machine. By ordering the Nema 23 &#8211; 57BHP56 Stepper Motor from \u015eahin Rulman immediately, you can ensure that your machine works professionally.  <\/p>\n<h2><b>Nema 23- 57BHH56 Stepper Motor Prices<\/b><\/h2>\n<p>Stepper Motor prices generally vary according to the feature. Nema 23 &#8211; 57BHP56 motor price with 4.0 amps is $23.50. You can order the Nema 23 &#8211; 57BHP56 servo motor type, which increases its performance and functionality while using your machine, with \u015eahin Rulman quality.  <\/p>\n<div class=\"col-lg-6\">Step Motor Tork: 1.4 Nm ;<br \/>\nStep Motor Ak\u0131m: 4.0 Amper ;<br \/>\nNEMA: NEMA 23 STEP MOTOR ;<br \/>\nStep Motor Flan\u015f \u00d6l\u00e7\u00fcs\u00fc: 57X57 mm ;<br \/>\nBoy: 56 mm ;<br \/>\nKablo:8 adet ;<br \/>\nPARALEL BA\u011eLAMAMAV\u0130+KIRMIZI: (A+) ; S\u0130YAH+SARI: (A-)<br \/>\nKAHVERENG\u0130+BEYAZ:(B+) ; TURUNCU+YE\u015e\u0130L: (B-)<\/div>\n<div class=\"col-lg-6\">\n<p style=\"font-size: 15px;\"><b style=\"font-size: 15px; font-weight: bold;\">57BHH56-300A-21Be &#8211; Stepper Motor 3D Model<\/b><br \/>\n<img decoding=\"async\" style=\"width: 100%;\" src=\"https:\/\/www.sahinrulman.com\/image\/step-motor-nema-23-%2057HS14.jpg\"><\/p>\n<div class=\"col-lg-12\" style=\"text-align: center;\"><a style=\"background-color: #ffffff; color: #828c29; font-size: 15px;\" href=\"https:\/\/www.sahinrulman.com\/site\/images\/stories\/3D_katalog\/step-motor-surucu\/57BHH56-300A-21BE.SLDPRT\">57BHH56-300A-21Be Stepper Motor SLDPRT File<br \/>\n<img decoding=\"async\" src=\"https:\/\/www.sahinrulman.com\/image\/indir-sahin.png\"><\/a><\/div>\n<\/div>\n<div class=\"col-lg-12\">\n<h3 style=\"text-align: center;\"><b>57BHH56-300A-21Be Stepper Motor Nema 23 Introduction Video<\/b><\/h3>\n<p><iframe class=\"note-video-clip\" src=\"\/\/www.youtube.com\/embed\/2WdWFnK18LM\" width=\"100%\" height=\"360\" frameborder=\"0\"><\/iframe><\/p>\n<p style=\"margin-top: 0.26cm; margin-bottom: 0.4cm;\"><span style=\"font-size: small;\"> <\/span><\/p>\n<\/div>\n<div class=\"col-lg-12\" style=\"text-align: center;\"><img decoding=\"async\" style=\"width: 100%;\" src=\"https:\/\/www.sahinrulman.com\/site\/images\/stories\/teknik-ozellikler\/stepmotor\/Step-Motor-Nema-23-57BHH56-300A-21BE-57HS13.png\"><br \/>\n<b><a href=\"https:\/\/www.sahinrulman.com\/site\/images\/stories\/teknik-ozellikler\/stepmotor\/Step-Motor-Nema-23-57BHH56-300A-21BE-57HS13.pdf\">Stepper Motor Nema 23 57BHH56-300A-21Be <\/a>Technical Specification PDF Download<br \/>\n<\/b><\/div>\n<div class=\"col-lg-12\">\n<h3 style=\"text-align: center; font-size: 21px;\"><b>Stepper Motor Nema 23-57BHH56 Torque Curve<\/b><\/h3>\n<div style=\"text-align: center;\"><img decoding=\"async\" style=\"width: 100%;\" src=\"https:\/\/www.sahinrulman.com\/site\/images\/stories\/teknik-ozellikler\/step-motor-nema-23-57bhh56-tork-egrisi.png\"><br \/>\n<b><a href=\"https:\/\/www.sahinrulman.com\/site\/images\/stories\/teknik-ozellikler\/tork-egrisi\/step-motor-nema-23-57bhh56-tork-egrisi.pdf\">Stepper Motor Nema 23 57BHH56-300A-21Be Torque Curve PDF Download<\/a><\/b><\/div>\n<\/div>\n","protected":false},"excerpt":{"rendered":"<table width=\"100%\">\n<tbody>\n<tr>\n<td>Holding Torque\n<\/td>\n<td>1.4 Nm<\/td>\n<\/tr>\n<tr>\n<td>Ak\u0131m<\/td>\n<td>4.0 Amper<\/td>\n<\/tr>\n<tr>\n<td>NEMA\n<\/td>\n<td>23<\/td>\n<\/tr>\n<tr>\n<td>FLANGE\n<\/td>\n<td>57&#215;57 mm<\/td>\n<\/tr>\n<\/tbody>\n<\/table>\n","protected":false},"featured_media":13519,"comment_status":"open","ping_status":"closed","template":"","meta":{"_acf_changed":false,"_iconic_wsb_product_page_order_bump_ids":[[7852]],"_sku":["57BHH56-300A-21Be"],"_iconic_wsb_product_page_bump_modal_ids":[[]]},"product_brand":[],"product_cat":[561,952,916],"product_tag":[964],"class_list":{"0":"post-14612","1":"product","2":"type-product","3":"status-publish","4":"has-post-thumbnail","6":"product_cat-electronic-products","7":"product_cat-nema-23-stepper-motor","8":"product_cat-stepper-motors","9":"product_tag-stepper-motor-products","10":"tm-no-options","12":"first","13":"instock","14":"taxable","15":"shipping-taxable","16":"purchasable","17":"product-type-simple"},"acf":{"motor_tork_max":"","motor_hiz_max":"","motor_guc":"","motor_calisma_tipi":"surekli","motor_reduktor_durumu":"dahili","step_holding_torque":1.4,"step_nema_size":"23","step_current":4,"step_hiz_max":"","step_flange_size":57,"ozelligi_ne":[],"uyumlu_surucu":null},"_links":{"self":[{"href":"https:\/\/www.sahinrulman.com\/en\/wp-json\/wp\/v2\/product\/14612","targetHints":{"allow":["GET"]}}],"collection":[{"href":"https:\/\/www.sahinrulman.com\/en\/wp-json\/wp\/v2\/product"}],"about":[{"href":"https:\/\/www.sahinrulman.com\/en\/wp-json\/wp\/v2\/types\/product"}],"replies":[{"embeddable":true,"href":"https:\/\/www.sahinrulman.com\/en\/wp-json\/wp\/v2\/comments?post=14612"}],"wp:featuredmedia":[{"embeddable":true,"href":"https:\/\/www.sahinrulman.com\/en\/wp-json\/wp\/v2\/media\/13519"}],"wp:attachment":[{"href":"https:\/\/www.sahinrulman.com\/en\/wp-json\/wp\/v2\/media?parent=14612"}],"wp:term":[{"taxonomy":"product_brand","embeddable":true,"href":"https:\/\/www.sahinrulman.com\/en\/wp-json\/wp\/v2\/product_brand?post=14612"},{"taxonomy":"product_cat","embeddable":true,"href":"https:\/\/www.sahinrulman.com\/en\/wp-json\/wp\/v2\/product_cat?post=14612"},{"taxonomy":"product_tag","embeddable":true,"href":"https:\/\/www.sahinrulman.com\/en\/wp-json\/wp\/v2\/product_tag?post=14612"}],"curies":[{"name":"wp","href":"https:\/\/api.w.org\/{rel}","templated":true}]}}