{"id":14618,"date":"2024-08-22T12:10:47","date_gmt":"2024-08-22T09:10:47","guid":{"rendered":"https:\/\/www.sahinrulman.com\/stepper-motor-nema-14-0-17-nm\/"},"modified":"2025-06-12T10:22:41","modified_gmt":"2025-06-12T07:22:41","slug":"stepper-motor-nema-14-0-17-nm","status":"publish","type":"product","link":"https:\/\/www.sahinrulman.com\/en\/stepper-motor-nema-14-0-17-nm\/","title":{"rendered":"Stepper Motor Nema 14 0.17 Nm"},"content":{"rendered":"\r\n<p>\u00a0<\/p>\r\n<h1 style=\"text-align: center;\"><b> Nema 14 Step Motor<\/b><\/h1>\r\n<h3><b>Nema 14 &#8211; 35HS01 Step Motor \u00c7e\u015fitleri<\/b><\/h3>\r\n<p>Nema 14 &#8211; 35HS01 Step Motor \u00c7e\u015fitleri \u00f6zelliklerine g\u00f6re de\u011fi\u015fiklik g\u00f6stermektedir. Nema 14 &#8211; 35HS01 model step motor, 0.4 amperlik g\u00fc\u00e7 de\u011ferine sahip olmakla beraber, ayn\u0131 zamanda k\u00fc\u00e7\u00fck boyutu nedeniyle ufak yaz\u0131c\u0131larda, cnc makinelerinde ve robotik uygulamalarda kullanmak i\u00e7in ideal bir step motor \u00e7e\u015fididir. Bu sayede hassas kontrol\u00fcn sa\u011flayarak karma\u015f\u0131kl\u0131\u011f\u0131 ortadan kald\u0131rabilirsiniz. Bir\u00e7ok \u00fcretici taraf\u0131ndan tercih edilen Nema 14 &#8211; 35HS01 step motor \u00e7e\u015fidi, ak\u0131lc\u0131 \u00e7\u00f6z\u00fcmler sunmaktad\u0131r. 0.17 Nm\u2019lik tutma torku ile step motorunuzun profesyonel bir \u015fekilde sabit kalmas\u0131n\u0131 sa\u011flar. Buna ek olarak 35&#215;35 mm\u2019lik flan\u015f de\u011feri makinan\u0131z\u0131n verimli ve g\u00fcvenli \u00e7al\u0131\u015fmas\u0131n\u0131 destekler. \u015eahin Rulman\u2019dan Nema 14 &#8211; 35HS01 Step Motor \u00e7e\u015fidini hemen sipari\u015f vererek, makinan\u0131z\u0131n profesyonel bir \u015fekilde \u00e7al\u0131\u015fmas\u0131n\u0131 sa\u011flayabilirsiniz.<\/p>\r\n<p>\u00a0<\/p>\r\n<p>\u00a0<\/p>\r\n<h3><b>Nema 14 &#8211; 35HS01 Step Motor Fiyatlar\u0131<\/b><\/h3>\r\n<p>Step Motor fiyatlar\u0131 genel olarak \u00f6zelli\u011fine g\u00f6re de\u011fi\u015fmektedir. 0.4 ampere sahip Nema 14 &#8211; 35HS01 motor fiyat\u0131, $15,00\u2019d\u0131r. Makinan\u0131z\u0131 kullan\u0131rken performans\u0131n\u0131 ve i\u015flevselli\u011fini art\u0131ran Nema 14 &#8211; 35HS0 servo motor \u00e7e\u015fidini, \u015eahin Rulman kalitesiyle hemen sipari\u015f verebilirsiniz.<\/p>\r\n<div class=\"col-lg-6\">Step Motor Tork:0.17 Nm ; <br\/>Step Motor Ak\u0131m:0,4 Amper ;<br\/>Nema: Nema 14 Step Motor; <br\/>Step Motor Flan\u015f \u00d6l\u00e7\u00fcs\u00fc: 35&#215;35 mm ;<br\/>Boy:26 mm ;<br\/>Kablo:8 adet ;<br\/><b><span style=\"color: #ff0000;\"> PARALEL BA\u011eLAMA<\/span><\/b><br\/>MAV\u0130+KIRMIZI: (A+) ; S\u0130YAH+SARI: (A-) <br\/>KAHVERENG\u0130+BEYAZ:(B+) ; TURUNCU+YE\u015e\u0130L: (B-)<\/div>\r\n<div class=\"col-lg-6\">\r\n<p style=\"font-size: 15px; color: #ff0066; font-weight: bold;\">35BH26&#8211;040A-21A -Step Motor 3D Model<\/p>\r\n<img decoding=\"async\" style=\"width: 100%;\" src=\"https:\/\/www.sahinrulman.com\/image\/35BH26-040-21A.jpg\"\/>\r\n<div style=\"text-align: center;\"><a style=\"background-color: #ffffff; color: #828c29; font-size: 15px;\" href=\"https:\/\/www.sahinrulman.com\/site\/images\/stories\/3D_katalog\/step-motor-surucu\/35BH26-040-21A.SLDPRT\">35BH26&#8211;040A-21A Step Motor SLDPRT Dosyas\u0131 <br\/><img decoding=\"async\" src=\"https:\/\/www.sahinrulman.com\/image\/indir-sahin.png\"\/><\/a><\/div>\r\n<\/div>\r\n<div class=\"col-lg-12\"><img decoding=\"async\" style=\"width: 100%;\" src=\"https:\/\/www.sahinrulman.com\/site\/images\/stories\/teknik-ozellikler\/stepmotor\/Step-Motor-Nema-14-35BH26-040A-21A-35HS01.png\"\/><\/div>\r\n<p>\u00a0<\/p>\r\n","protected":false},"excerpt":{"rendered":"<table width=\"100%\">\n<tbody>\n<tr>\n<td>Holding Torque\n<\/td>\n<td>0.17 Nm<\/td>\n<\/tr>\n<tr>\n<td>Current\n<\/td>\n<td>0.4 Amper<\/td>\n<\/tr>\n<tr>\n<td>NEMA<\/td>\n<td>14<\/td>\n<\/tr>\n<tr>\n<td>FLANGE\n<\/td>\n<td>35&#215;35 mm<\/td>\n<\/tr>\n<\/tbody>\n<\/table>\n","protected":false},"featured_media":13429,"comment_status":"open","ping_status":"closed","template":"","meta":{"_acf_changed":false},"product_brand":[],"product_cat":[561,916],"product_tag":[],"class_list":{"0":"post-14618","1":"product","2":"type-product","3":"status-publish","4":"has-post-thumbnail","6":"product_cat-electronic-products","7":"product_cat-stepper-motors","8":"tm-no-options","10":"first","11":"instock","12":"taxable","13":"shipping-taxable","14":"purchasable","15":"product-type-simple"},"acf":{"motor_tork_max":"","motor_hiz_max":"","motor_guc":"","motor_calisma_tipi":"surekli","motor_reduktor_durumu":"dahili","step_holding_torque":0.17,"step_nema_size":"14","step_current":0.4,"step_hiz_max":"","step_flange_size":35,"ozelligi_ne":[],"uyumlu_surucu":null},"_links":{"self":[{"href":"https:\/\/www.sahinrulman.com\/en\/wp-json\/wp\/v2\/product\/14618","targetHints":{"allow":["GET"]}}],"collection":[{"href":"https:\/\/www.sahinrulman.com\/en\/wp-json\/wp\/v2\/product"}],"about":[{"href":"https:\/\/www.sahinrulman.com\/en\/wp-json\/wp\/v2\/types\/product"}],"replies":[{"embeddable":true,"href":"https:\/\/www.sahinrulman.com\/en\/wp-json\/wp\/v2\/comments?post=14618"}],"wp:featuredmedia":[{"embeddable":true,"href":"https:\/\/www.sahinrulman.com\/en\/wp-json\/wp\/v2\/media\/13429"}],"wp:attachment":[{"href":"https:\/\/www.sahinrulman.com\/en\/wp-json\/wp\/v2\/media?parent=14618"}],"wp:term":[{"taxonomy":"product_brand","embeddable":true,"href":"https:\/\/www.sahinrulman.com\/en\/wp-json\/wp\/v2\/product_brand?post=14618"},{"taxonomy":"product_cat","embeddable":true,"href":"https:\/\/www.sahinrulman.com\/en\/wp-json\/wp\/v2\/product_cat?post=14618"},{"taxonomy":"product_tag","embeddable":true,"href":"https:\/\/www.sahinrulman.com\/en\/wp-json\/wp\/v2\/product_tag?post=14618"}],"curies":[{"name":"wp","href":"https:\/\/api.w.org\/{rel}","templated":true}]}}