{"id":14627,"date":"2024-08-22T12:18:02","date_gmt":"2024-08-22T12:18:02","guid":{"rendered":"https:\/\/www.sahinrulman.com\/stepper-motor-nema-16-0-22-nm\/"},"modified":"2026-04-09T10:15:41","modified_gmt":"2026-04-09T07:15:41","slug":"stepper-motor-nema-16-0-22-nm","status":"publish","type":"product","link":"https:\/\/www.sahinrulman.com\/en\/stepper-motor-nema-16-0-22-nm\/","title":{"rendered":"Stepper Motor Nema 16 0.22 Nm"},"content":{"rendered":"\r\n<p>\u00a0<\/p>\r\n<h1 style=\"text-align: center;\"><b><a href=\"https:\/\/www.sahinrulman.com\/step-motor-nema-16-022nm\">NEMA 16 STEP MOTOR<\/a><\/b><\/h1>\r\n<h3><b>Nema 16 &#8211; 39HS02 Step Motor \u00c7e\u015fitleri<\/b><\/h3>\r\n<p>Nema 16 &#8211; 39HS02 Step Motor \u00c7e\u015fitleri \u00f6zelliklerine g\u00f6re de\u011fi\u015fiklik g\u00f6stermektedir. Nema 16 &#8211; 39HS02 model step motor, 0.6 amperlik g\u00fc\u00e7 de\u011ferine sahip olmakla beraber, ayn\u0131 zamanda k\u00fc\u00e7\u00fck boyutu nedeniyle etiketleme ve paketleme makinalar\u0131nda, dijital kamera veya projekt\u00f6rlerde kullanmak i\u00e7in ideal bir step motor \u00e7e\u015fididir. Bu sayede hassas kontrol\u00fcn sa\u011flayarak karma\u015f\u0131kl\u0131\u011f\u0131 ortadan kald\u0131rabilirsiniz. Bir\u00e7ok \u00fcretici taraf\u0131ndan tercih edilen Nema 16 &#8211; 39HS02 step motor \u00e7e\u015fidi, ak\u0131lc\u0131 \u00e7\u00f6z\u00fcmler sunmaktad\u0131r. 0.22 Nm\u2019lik tutma torku ile step motorunuzun profesyonel bir \u015fekilde sabit kalmas\u0131n\u0131 sa\u011flar. Buna ek olarak 39&#215;39 mm\u2019lik flan\u015f de\u011feri makinan\u0131z\u0131n verimli ve g\u00fcvenli \u00e7al\u0131\u015fmas\u0131n\u0131 destekler. \u015eahin Rulman\u2019dan Nema 16 &#8211; 39HS02 Step Motor \u00e7e\u015fidini hemen sipari\u015f vererek, makinan\u0131z\u0131n profesyonel bir \u015fekilde \u00e7al\u0131\u015fmas\u0131n\u0131 sa\u011flayabilirsiniz.<\/p>\r\n<p>\u00a0<\/p>\r\n<p>\u00a0<\/p>\r\n<h3><b>Nema 16 &#8211; 39HS02 Step Motor Fiyatlar\u0131<\/b><\/h3>\r\n<p>Step Motor fiyatlar\u0131 genel olarak \u00f6zelli\u011fine g\u00f6re de\u011fi\u015fmektedir. 0.6 ampere sahip Nema 16 &#8211; 39HS02 motor fiyat\u0131, $15,62\u2019d\u0131r. Makinan\u0131z\u0131 kullan\u0131rken performans\u0131n\u0131 ve i\u015flevselli\u011fini art\u0131ran Nema 16 &#8211; 39HS02 servo motor \u00e7e\u015fidini, \u015eahin Rulman kalitesiyle hemen sipari\u015f verebilirsiniz.<\/p>\r\n<p>\u00a0<\/p>\r\n<p>\u00a0<\/p>\r\n<div class=\"col-lg-6\">Step Motor Tork: 0.22 Nm ;<br\/>Step Motor Ak\u0131m: 0,6 Amper ; <br\/>NEMA: NEMA 16 STEP MOTOR; <br\/>Step Motor Flan\u015f \u00d6l\u00e7\u00fcs\u00fc: 39X39 mm ;<br\/>Boy:34 mm ;<br\/>KABLO:8 adet ;<br\/><b> PARALEL BA\u011eLAMA<\/b><br\/>MAV\u0130+KIRMIZI: (A+) ; S\u0130YAH+SARI: (A-) <br\/>KAHVERENG\u0130+BEYAZ:(B+) ; TURUNCU+YE\u015e\u0130L: (B-)<\/div>\r\n<div class=\"col-lg-6\">\r\n<p style=\"font-size: 15px;\"><b style=\"font-size: 15px; font-weight: bold;\">39BH34-060C-20 -Step Motor 3D Model<\/b><img decoding=\"async\" style=\"width: 100%;\" src=\"https:\/\/www.sahinrulman.com\/image\/step-motor-nema-16 -39HS02.jpg\"\/><\/p>\r\n<div style=\"text-align: center;\"><a style=\"background-color: #ffffff; color: #828c29; font-size: 15px;\" href=\"https:\/\/www.sahinrulman.com\/site\/images\/stories\/3D_katalog\/step-motor-surucu\/39BH34-060C-20.SLDPRT\">39BH34-060C-20 Step Motor SLDPRT Dosyas\u0131<br\/><img decoding=\"async\" src=\"https:\/\/www.sahinrulman.com\/image\/indir-sahin.png\"\/><\/a><\/div>\r\n<p>\u00a0<\/p>\r\n<\/div>\r\n<div class=\"col-lg-12\" style=\"text-align: center;\"><img decoding=\"async\" style=\"width: 100%;\" src=\"https:\/\/www.sahinrulman.com\/site\/images\/stories\/teknik-ozellikler\/stepmotor\/Step-Motor-Nema-16-39BH34-060C-20-35HS02.png\"\/> <b><a href=\"https:\/\/www.sahinrulman.com\/site\/images\/stories\/teknik-ozellikler\/stepmotor\/Step-Motor-Nema-16-39BH34-060C-20-35HS02.pdf\" target=\"_blank\" rel=\"noopener\">Step Motor 39BH34-060C-20<\/a> Teknik \u00d6zellik PDF \u0130ndir <\/b><\/div>\r\n<p>\u00a0<\/p>\r\n","protected":false},"excerpt":{"rendered":"<table width=\"100%\">\n<tbody>\n<tr>\n<td>Holding Torque\n<\/td>\n<td>0.22 Nm<\/td>\n<\/tr>\n<tr>\n<td>Current\n<\/td>\n<td>0.6 Amper<\/td>\n<\/tr>\n<tr>\n<td>NEMA<\/td>\n<td>16<\/td>\n<\/tr>\n<tr>\n<td>FLANGE\n<\/td>\n<td>39&#215;39 mm<\/td>\n<\/tr>\n<\/tbody>\n<\/table>\n","protected":false},"featured_media":13430,"comment_status":"open","ping_status":"closed","template":"","meta":{"_acf_changed":false,"_iconic_wsb_product_page_order_bump_ids":[[7844]],"_sku":["39BH34-060C-20"],"_iconic_wsb_product_page_bump_modal_ids":[[]]},"product_brand":[],"product_cat":[561,916],"product_tag":[964],"class_list":{"0":"post-14627","1":"product","2":"type-product","3":"status-publish","4":"has-post-thumbnail","6":"product_cat-electronic-products","7":"product_cat-stepper-motors","8":"product_tag-stepper-motor-products","9":"tm-no-options","11":"first","12":"instock","13":"taxable","14":"shipping-taxable","15":"purchasable","16":"product-type-simple"},"acf":{"motor_tork_max":"","motor_hiz_max":"","motor_guc":"","motor_calisma_tipi":"surekli","motor_reduktor_durumu":"dahili","step_holding_torque":0.22,"step_nema_size":"16","step_current":0.6,"step_hiz_max":"","step_flange_size":39,"ozelligi_ne":[],"uyumlu_surucu":null},"_links":{"self":[{"href":"https:\/\/www.sahinrulman.com\/en\/wp-json\/wp\/v2\/product\/14627","targetHints":{"allow":["GET"]}}],"collection":[{"href":"https:\/\/www.sahinrulman.com\/en\/wp-json\/wp\/v2\/product"}],"about":[{"href":"https:\/\/www.sahinrulman.com\/en\/wp-json\/wp\/v2\/types\/product"}],"replies":[{"embeddable":true,"href":"https:\/\/www.sahinrulman.com\/en\/wp-json\/wp\/v2\/comments?post=14627"}],"wp:featuredmedia":[{"embeddable":true,"href":"https:\/\/www.sahinrulman.com\/en\/wp-json\/wp\/v2\/media\/13430"}],"wp:attachment":[{"href":"https:\/\/www.sahinrulman.com\/en\/wp-json\/wp\/v2\/media?parent=14627"}],"wp:term":[{"taxonomy":"product_brand","embeddable":true,"href":"https:\/\/www.sahinrulman.com\/en\/wp-json\/wp\/v2\/product_brand?post=14627"},{"taxonomy":"product_cat","embeddable":true,"href":"https:\/\/www.sahinrulman.com\/en\/wp-json\/wp\/v2\/product_cat?post=14627"},{"taxonomy":"product_tag","embeddable":true,"href":"https:\/\/www.sahinrulman.com\/en\/wp-json\/wp\/v2\/product_tag?post=14627"}],"curies":[{"name":"wp","href":"https:\/\/api.w.org\/{rel}","templated":true}]}}