{"id":14860,"date":"2024-10-02T12:43:13","date_gmt":"2024-10-02T09:43:13","guid":{"rendered":"https:\/\/www.sahinrulman.com\/spindle-servo-motor-7-5-kw\/"},"modified":"2026-04-02T15:01:46","modified_gmt":"2026-04-02T12:01:46","slug":"spindle-servo-motor-7-5-kw","status":"publish","type":"product","link":"https:\/\/www.sahinrulman.com\/en\/spindle-servo-motor-7-5-kw\/","title":{"rendered":"Spindle Servo Motor 7.5 kW"},"content":{"rendered":"<div class=\"col-lg-12\" style=\"  text-align: justify;  \">\n<h2><b>7.5 Kw Spindle Servo Motor Type<\/b><\/h2>\n<p>7.5 Kw spindle servo motor types vary according to their features. 7.5 kw spindle servo motors have a power rating of 380 volts and are also suitable for use in precision medical devices and equipment, General automation applications, assembly line machines, CNC milling machines and CNC grinding machines. In this way, it provides position control with high precision and provides full efficiency in precision operations and positioning. Preferred by many manufacturers, the 7.5 kw spindle servo motor offers rational solutions. With a torque value of 50 Nm, it provides professional precision and dynamism. In addition, 1460 ~ 6000 rpm helps your machine to work at a better speed and work comfortably in cutting, drilling and other similar jobs. By ordering the 7.5 kw spindle servo motor type with 380 volts from \u015eahin Rulman, you can ensure that your machine works in a professional way.      <\/p>\n<h2><b>7.5 Kw Spindle Servo Motor Price<\/b><\/h2>\n<p>Spindle servo motor \u00e7e\u015fitlerinin fiyatlar\u0131 genel olarak spindle motorun \u00f6zelliklerine g\u00f6re de\u011fi\u015fiklik g\u00f6stermektedir. 7.5 kw spindle servo motors with 380 volt power are very advantageous in terms of price. You can have the 7.5 kw spindle servo motor type, which increases its performance and functionality while using your machine, in a short time by ordering immediately. <\/p>\n<div style=\"  color: #ff0000; font-weight: bold;  \">\nHigh Torque at Low RPM<br \/>Full Power Even at 10 RPM<br \/>With the Spindle Servo Motor 7.5 kW, which is also used as the main motor that turns the chuck of CNC machining centers, servo motor can successfully perform tasks such as threading, chip removal from metal and wood, hydraulic heavy torque work.\n    <\/div>\n<\/div>\n<div class=\"col-lg-12\">\n<h2 style=\"text-align: center;\"><b>Spindle Servo Motor Installation Settings <\/b><\/h2>\n<p><iframe width=\"100%\" height=\"500\" src=\"https:\/\/www.youtube.com\/embed\/DTAFjzbUiU0\" frameborder=\"0\" allow=\"accelerometer; autoplay; encrypted-media; gyroscope; picture-in-picture\" allowfullscreen=\"\"><\/iframe><\/p>\n<\/div>\n<div class=\"col-lg-6\" style=\"  text-align: justify;  \">\n<h2><b> Performance <\/b><\/h2>\n<p>204ZJY series has the advantages of compact structure, beautiful appearance. It uses optimal electromagnetic design, high-speed photoelectric encoder, high-precision bearings and F-level insulation. Stable operation, high control precision, low electromagnetic noise, high efficiency, long life and high performance price ratio. It is especially suitable for spindle control of CNC machine tool and speed control of high-performance automation.<br \/>\n<img decoding=\"async\" src=\"https:\/\/www.sahinrulman.com\/image\/one-cikan-ozellikler.jpg\" style=\"width:100%;\"><\/p>\n<\/div>\n<div class=\"col-lg-6\">\n<h2 style=\"text-align: center;  \"><b>Spindle Servo Motor Features<\/b><\/h2>\n<style>\ntable.GeneratedTable {\n  width: 100%;\n  background-color: #ffffff;\n  border-collapse: collapse;\n  border-width: 2px;\n  border-color: #ffcc00;\n  border-style: solid;\n  color: #000000;\n}<\/p>\n<p>table.GeneratedTable td, table.GeneratedTable th {\n  border-width: 2px;\n  border-color: #ffcc00;\n  border-style: solid;\n  padding: 3px;\n}<\/p>\n<p>table.GeneratedTable thead {\n  background-color: #ffcc00;\n}\n<\/style>\n<table class=\"GeneratedTable\">\n<thead>\n<tr>\n<th>Engine Model<\/th>\n<th>204ZJY-4-5.5-15-X<\/th>\n<\/tr>\n<\/thead>\n<tbody>\n<tr>\n<td>Rated Power (Kw)<\/td>\n<td>7.5<\/td>\n<\/tr>\n<tr>\n<td>Reted Torque (N.m)<\/td>\n<td>50<\/td>\n<\/tr>\n<tr>\n<td>Rated Voltage (V)<\/td>\n<td>380<\/td>\n<\/tr>\n<tr>\n<td>Rated Current (A)<\/td>\n<td>12<\/td>\n<\/tr>\n<tr>\n<td>Rated Speed (rpm)<\/td>\n<td>1460<\/td>\n<\/tr>\n<tr>\n<td>Max Speed (rpm)<\/td>\n<td>6000<\/td>\n<\/tr>\n<tr>\n<td>Rated frequency (Hz)<\/td>\n<td>50<\/td>\n<\/tr>\n<tr>\n<td>Rotor Inertia (G.D2)<\/td>\n<td>0.014<\/td>\n<\/tr>\n<tr>\n<td>Fan Power (w)<\/td>\n<td>75<\/td>\n<\/tr>\n<tr>\n<td>Fan Voltage (v)<\/td>\n<td>380<\/td>\n<\/tr>\n<tr>\n<td>Vertical Weight (Kg)<\/td>\n<td>66.5<\/td>\n<\/tr>\n<tr>\n<td>Horizantal Weight (Kg)<\/td>\n<td>71.5<\/td>\n<\/tr>\n<\/tbody>\n<\/table>\n<\/div>\n<div class=\"col-lg-12\">\n<h2 style=\"text-align: center;  \"><b>Servo Motor Technical Drawing<\/b><\/h2>\n<p><img decoding=\"async\" src=\"https:\/\/www.sahinrulman.com\/image\/servo-spindle-teknik-cizim.jpg\" style=\"width:100%;\">\n<\/div>\n<div class=\"col-lg-12\">\n<h2 style=\"text-align: center;\"><b>Modbus communication protocols,<a href=\"https:\/\/www.sahinrulman.com\/image\/pdf\/modbus-communication.pdf\"> click to download<\/a>.<\/b><br \/><\/h2>\n<h2 style=\"text-align: center;  \"><b>Basic Wiring<\/b><\/h2>\n<div style=\"text-align: center;\"><a href=\"https:\/\/www.sahinrulman.com\/image\/temel-kablolama-baglantisi.jpg\" target=\"_blank\" rel=\"noopener\"><img decoding=\"async\" src=\"https:\/\/www.sahinrulman.com\/image\/temel-kablolama-baglantisi.jpg\" style=\"width: 100%;\"><\/a><\/div>\n<\/div>\n<div class=\"col-lg-12\">\n<h2><b><br \/>\nSpindle Servo Drive User Manual<\/p>\n<p><\/b><\/h2>\n<\/p>\n<div data-configid=\"34574153\/68381666\" style=\"width:100%; height:500px;\" class=\"issuuembed issuu-isrendered\"><iframe src=\"\/\/e.issuu.com\/embed.html#34574153\/69665225\" style=\"border:none;width:100%;height:100%;\" title=\"issuu.com\" allowfullscreen=\"\" webkitallowfullscreen=\"\" mozallowfullscreen=\"\" msallowfullscree=\"\"><\/iframe><\/div>\n<div data-configid=\"34574153\/68381666\" style=\"width:100%; height:500px;\" class=\"issuuembed issuu-isrendered\">\n<h2 style=\"text-align: center;\"><b><a href=\"https:\/\/www.sahinrulman.com\/image\/pdf\/msd220A-1-40.pdf\">Click to download the user manual as PDF.<\/a><\/b><br \/><\/h2>\n<\/div>\n<p><script type=\"text\/javascript\" src=\"\/\/e.issuu.com\/embed.js\" async=\"true\"><\/script><\/p>\n<\/div>\n","protected":false},"excerpt":{"rendered":"<table>\n<tbody>\n<tr>\n<td>POWER<\/td>\n<td>7.50 kW<\/td>\n<\/tr>\n<tr>\n<td>TORQUE<\/td>\n<td>50 Nm<\/td>\n<\/tr>\n<tr>\n<td>RPM<\/td>\n<td>1460 ~ 6000 rpm\/min<\/td>\n<\/tr>\n<\/tbody>\n<\/table>\n","protected":false},"featured_media":13878,"comment_status":"open","ping_status":"closed","template":"","meta":{"_acf_changed":false},"product_brand":[],"product_cat":[561,560,575],"product_tag":[],"class_list":{"0":"post-14860","1":"product","2":"type-product","3":"status-publish","4":"has-post-thumbnail","6":"product_cat-electronic-products","7":"product_cat-servo-motors","8":"product_cat-spindle-servo-motors","9":"tm-no-options","11":"first","12":"instock","13":"taxable","14":"shipping-taxable","15":"purchasable","16":"product-type-simple"},"acf":{"motor_tork_max":"","motor_hiz_max":"","motor_guc":"","motor_calisma_tipi":"surekli","motor_reduktor_durumu":"dahili","step_holding_torque":"","step_nema_size":false,"step_current":"","step_hiz_max":"","step_flange_size":"","ozelligi_ne":[],"uyumlu_surucu":null},"_links":{"self":[{"href":"https:\/\/www.sahinrulman.com\/en\/wp-json\/wp\/v2\/product\/14860","targetHints":{"allow":["GET"]}}],"collection":[{"href":"https:\/\/www.sahinrulman.com\/en\/wp-json\/wp\/v2\/product"}],"about":[{"href":"https:\/\/www.sahinrulman.com\/en\/wp-json\/wp\/v2\/types\/product"}],"replies":[{"embeddable":true,"href":"https:\/\/www.sahinrulman.com\/en\/wp-json\/wp\/v2\/comments?post=14860"}],"wp:featuredmedia":[{"embeddable":true,"href":"https:\/\/www.sahinrulman.com\/en\/wp-json\/wp\/v2\/media\/13878"}],"wp:attachment":[{"href":"https:\/\/www.sahinrulman.com\/en\/wp-json\/wp\/v2\/media?parent=14860"}],"wp:term":[{"taxonomy":"product_brand","embeddable":true,"href":"https:\/\/www.sahinrulman.com\/en\/wp-json\/wp\/v2\/product_brand?post=14860"},{"taxonomy":"product_cat","embeddable":true,"href":"https:\/\/www.sahinrulman.com\/en\/wp-json\/wp\/v2\/product_cat?post=14860"},{"taxonomy":"product_tag","embeddable":true,"href":"https:\/\/www.sahinrulman.com\/en\/wp-json\/wp\/v2\/product_tag?post=14860"}],"curies":[{"name":"wp","href":"https:\/\/api.w.org\/{rel}","templated":true}]}}