{"id":14862,"date":"2024-10-02T12:36:07","date_gmt":"2024-10-02T09:36:07","guid":{"rendered":"https:\/\/www.sahinrulman.com\/spindle-servo-motor-45-kw\/"},"modified":"2026-04-02T15:01:46","modified_gmt":"2026-04-02T12:01:46","slug":"spindle-servo-motor-45-kw","status":"publish","type":"product","link":"https:\/\/www.sahinrulman.com\/en\/spindle-servo-motor-45-kw\/","title":{"rendered":"Spindle Servo Motor 45 kW"},"content":{"rendered":"<div class=\"col-lg-12\" style=\"  text-align: justify;  \">\n<h2><b>45 KW Spindle Servo Motor Type<\/b><\/h2>\n<p>45 kw spindle servo motor types vary according to their features. 45 kw spindle servo motors have a power rating of 380 volts and are also a type of spindle servo motor suitable for use in milling machines, metal processing, wood processing, stone processing and CNC machines.  This allows them to be easily integrated into process-compliant systems, simplifying system design and installation. The 45 kw spindle servo motor type, which is preferred by many manufacturers, offers rational solutions. With a torque value of 287 Nm, it provides professional precision and dynamism. In addition, 1500 ~ 4500 rpm helps your machine to work comfortably in cutting, drilling and other similar jobs by working at a better speed. By ordering the 45 kw spindle servo motor type with 380 volts from \u015eahin Rulman, you can ensure that your machine works in a professional way.   <\/p>\n<h2><b>45 KW Spindle Servo Motor Price<\/b><\/h2>\n<p>Spindle servo motor \u00e7e\u015fitlerinin fiyatlar\u0131 genel olarak spindle motorun \u00f6zelliklerine g\u00f6re de\u011fi\u015fiklik g\u00f6stermektedir. 30 kw spindle servo motors with 380 volt power are very advantageous in terms of price. You can have the 45 kw spindle servo motor type, which increases its performance and functionality while using your machine, in a short time by ordering immediately.\n<\/p><\/div>\n<div class=\"col-lg-12\" style=\"  text-align: justify;  \"><\/div>\n<div class=\"col-lg-12\" style=\"  text-align: justify;  \">Speed in constant power : 3600 rpm,&nbsp; Incremental 2500 ppr<\/div>\n<div class=\"col-lg-12\" style=\"  text-align: justify;  \"><\/div>\n<div class=\"col-lg-12\" style=\"  text-align: justify;  \">\n<div style=\"  color: #ff0000; font-weight: bold;  \">\nHigh Torque at Low RPM<br \/>Full Power Even at 10 RPM<br \/>With the Spindle Servo Motor 45 kW, which is also used as the main motor that turns the chuck of CNC machining centers, servo motor can successfully perform tasks such as threading, chip removal from metal and wood, hydraulic heavy torque work.<\/div>\n<div style=\"  color: #ff0000; font-weight: bold;  \"><\/div>\n<div style=\"  color: #ff0000; font-weight: bold;  \"><\/div>\n<div style=\"  color: #ff0000; font-weight: bold;  \">\n    <\/div>\n<\/div>\n<style>\ntable.GeneratedTable {\n  width: 100%;\n  background-color: #ffffff;\n  border-collapse: collapse;\n  border-width: 2px;\n  border-color: #ffcc00;\n  border-style: solid;\n  color: #000000;\n}<\/p>\n<p>table.GeneratedTable td, table.GeneratedTable th {\n  border-width: 2px;\n  border-color: #ffcc00;\n  border-style: solid;\n  padding: 3px;\n}<\/p>\n<p>table.GeneratedTable thead {\n  background-color: #ffcc00;\n}\n<\/style>\n","protected":false},"excerpt":{"rendered":"<table>\n<tbody>\n<tr>\n<td>POWER<\/td>\n<td>45 kW<\/td>\n<\/tr>\n<tr>\n<td>TORQUE<\/td>\n<td>287 Nm<\/td>\n<\/tr>\n<tr>\n<td>RPM<\/td>\n<td>1500 ~ 4500 rpm\/min<\/td>\n<\/tr>\n<\/tbody>\n<\/table>\n","protected":false},"featured_media":13897,"comment_status":"open","ping_status":"closed","template":"","meta":{"_acf_changed":false},"product_brand":[],"product_cat":[561,560,575],"product_tag":[],"class_list":{"0":"post-14862","1":"product","2":"type-product","3":"status-publish","4":"has-post-thumbnail","6":"product_cat-electronic-products","7":"product_cat-servo-motors","8":"product_cat-spindle-servo-motors","9":"tm-no-options","11":"first","12":"instock","13":"taxable","14":"shipping-taxable","15":"purchasable","16":"product-type-simple"},"acf":{"motor_tork_max":"","motor_hiz_max":"","motor_guc":"","motor_calisma_tipi":"surekli","motor_reduktor_durumu":"dahili","step_holding_torque":"","step_nema_size":false,"step_current":"","step_hiz_max":"","step_flange_size":"","ozelligi_ne":[],"uyumlu_surucu":null},"_links":{"self":[{"href":"https:\/\/www.sahinrulman.com\/en\/wp-json\/wp\/v2\/product\/14862","targetHints":{"allow":["GET"]}}],"collection":[{"href":"https:\/\/www.sahinrulman.com\/en\/wp-json\/wp\/v2\/product"}],"about":[{"href":"https:\/\/www.sahinrulman.com\/en\/wp-json\/wp\/v2\/types\/product"}],"replies":[{"embeddable":true,"href":"https:\/\/www.sahinrulman.com\/en\/wp-json\/wp\/v2\/comments?post=14862"}],"wp:featuredmedia":[{"embeddable":true,"href":"https:\/\/www.sahinrulman.com\/en\/wp-json\/wp\/v2\/media\/13897"}],"wp:attachment":[{"href":"https:\/\/www.sahinrulman.com\/en\/wp-json\/wp\/v2\/media?parent=14862"}],"wp:term":[{"taxonomy":"product_brand","embeddable":true,"href":"https:\/\/www.sahinrulman.com\/en\/wp-json\/wp\/v2\/product_brand?post=14862"},{"taxonomy":"product_cat","embeddable":true,"href":"https:\/\/www.sahinrulman.com\/en\/wp-json\/wp\/v2\/product_cat?post=14862"},{"taxonomy":"product_tag","embeddable":true,"href":"https:\/\/www.sahinrulman.com\/en\/wp-json\/wp\/v2\/product_tag?post=14862"}],"curies":[{"name":"wp","href":"https:\/\/api.w.org\/{rel}","templated":true}]}}