{"id":14882,"date":"2024-09-24T10:23:56","date_gmt":"2024-09-24T07:23:56","guid":{"rendered":"https:\/\/www.sahinrulman.com\/stepper-motor-driver-cwd556\/"},"modified":"2025-08-13T12:33:59","modified_gmt":"2025-08-13T09:33:59","slug":"stepper-motor-driver-cwd556","status":"publish","type":"product","link":"https:\/\/www.sahinrulman.com\/en\/stepper-motor-driver-cwd556\/","title":{"rendered":"Stepper Motor Driver CWD556"},"content":{"rendered":"<h1 style=\"text-align: center;\"><a href=\"https:\/\/www.sahinrulman.com\/en\/stepper-motor-driver-cwd556\/\">Stepper Motor Driver M542<\/a><\/h1>\n<h4>Stepper Motor Driver Voltage: 24VDC~50VDC<\/h4>\n<h4>Stepper Motor Driver Current: 1.5AMPER~5.6AMPER<\/h4>\n<h4>Stepper Motor Driver Nema: Nema 17, Nema 23, Nema 34<\/h4>\n<h4>Stepper Motor Drive Phase: 2 Phase<\/h4>\n<h4>Product Code: <b><a href=\"https:\/\/www.sahinrulman.com\/site\/images\/stories\/teknik-ozellikler\/stepmotorsurucu\/step-motor-surucu-2-faz-CWD556.pdf\" target=\"_blank\" rel=\"noopener\">Stepper Motor Driver CWD556<\/a><\/b><\/h4>\n<h4 style=\"font-family: 'Open Sans', sans-serif; color: #000000;\"><b>Click to Review<a href=\"https:\/\/www.sahinrulman.com\/site\/images\/stories\/teknik-ozellikler\/stepmotorsurucu\/step-motor-surucu-2-faz-CWD556.pdf\" target=\"_blank\" rel=\"noopener\"> Stepper Motor Driver CWD556<\/a><\/b><\/h4>\n<p>You can download the datasheet file by clicking on the product code.<\/p>\n<h4>2 Phase Stepper Motor Driver M542<\/h4>\n<ul>\n<li>Jumper settings must be made with the drive switched off for safety.<\/li>\n<li>Amper ayarlar\u0131nda motorun amperi s\u00fcr\u00fcc\u00fc RMS ayar\u0131na denk getirilecektir.<\/li>\n<li>The metal part of the panel where the drives are located must be EARTHED. Before giving Amperes to the drives, a voltage control must be done by entering a measuring device between NEUTRAL and EARTH cables. The ideal situation is zero volts.<\/li>\n<li>In PLC, Arduino, Axis control card or specially designed cards, PULSE and DIR signals must be sent as 5V. In devices with signal outputs above 5 Volts, resistance must be entered into the PULSE and DIR signal output cables to be distributed individually in minus or plus driving. For example, the resistance required for 24Volt output is 1.8K\u03a9.<\/li>\n<\/ul>\n<p>&nbsp;<\/p>\n<h4><b>Stepper Motor Driver M542 Product Video<\/b><\/h4>\n<p><iframe class=\"note-video-clip\" src=\"\/\/www.youtube.com\/embed\/dRS9DXXCBH8?rel=0\" width=\"100%\" height=\"360\" frameborder=\"0\"><\/iframe><\/p>\n","protected":false},"excerpt":{"rendered":"<table class=\"table table-bordered\">\n<thead>\n<tr>\n<td colspan=\"2\"><strong>STEPPER MOTOR DRIVER TECHNICAL SPECIFICATIONS<\/strong><\/td>\n<\/tr>\n<\/thead>\n<tbody>\n<tr>\n<td>PHASE<\/td>\n<td>2<\/td>\n<\/tr>\n<tr>\n<td>Voltage<\/td>\n<td>24VDC ~ 50VDC<\/td>\n<\/tr>\n<tr>\n<td>Current<\/td>\n<td>1.5A ~ 5.6A<\/td>\n<\/tr>\n<tr>\n<td>Nema<\/td>\n<td>17, 23, 34<\/td>\n<\/tr>\n<\/tbody>\n<\/table>\n","protected":false},"featured_media":13594,"comment_status":"open","ping_status":"closed","template":"","meta":{"_acf_changed":false,"_iconic_wsb_product_page_order_bump_ids":[[]],"_sku":["CWD556"],"_iconic_wsb_product_page_bump_modal_ids":[[]]},"product_brand":[],"product_cat":[561,583,584],"product_tag":[],"class_list":{"0":"post-14882","1":"product","2":"type-product","3":"status-publish","4":"has-post-thumbnail","6":"product_cat-electronic-products","7":"product_cat-stepper-motor-driver","8":"product_cat-stepper-motor-driver-2-phase","9":"tm-no-options","11":"first","12":"instock","13":"taxable","14":"shipping-taxable","15":"purchasable","16":"product-type-simple"},"acf":{"motor_tork_max":"","motor_hiz_max":"","motor_guc":"","motor_calisma_tipi":"surekli","motor_reduktor_durumu":"dahili","step_holding_torque":"","step_nema_size":"17","step_current":"","step_hiz_max":"","step_flange_size":"","ozelligi_ne":[],"uyumlu_surucu":null},"_links":{"self":[{"href":"https:\/\/www.sahinrulman.com\/en\/wp-json\/wp\/v2\/product\/14882","targetHints":{"allow":["GET"]}}],"collection":[{"href":"https:\/\/www.sahinrulman.com\/en\/wp-json\/wp\/v2\/product"}],"about":[{"href":"https:\/\/www.sahinrulman.com\/en\/wp-json\/wp\/v2\/types\/product"}],"replies":[{"embeddable":true,"href":"https:\/\/www.sahinrulman.com\/en\/wp-json\/wp\/v2\/comments?post=14882"}],"wp:featuredmedia":[{"embeddable":true,"href":"https:\/\/www.sahinrulman.com\/en\/wp-json\/wp\/v2\/media\/13594"}],"wp:attachment":[{"href":"https:\/\/www.sahinrulman.com\/en\/wp-json\/wp\/v2\/media?parent=14882"}],"wp:term":[{"taxonomy":"product_brand","embeddable":true,"href":"https:\/\/www.sahinrulman.com\/en\/wp-json\/wp\/v2\/product_brand?post=14882"},{"taxonomy":"product_cat","embeddable":true,"href":"https:\/\/www.sahinrulman.com\/en\/wp-json\/wp\/v2\/product_cat?post=14882"},{"taxonomy":"product_tag","embeddable":true,"href":"https:\/\/www.sahinrulman.com\/en\/wp-json\/wp\/v2\/product_tag?post=14882"}],"curies":[{"name":"wp","href":"https:\/\/api.w.org\/{rel}","templated":true}]}}