{"id":15826,"date":"2024-10-02T14:13:30","date_gmt":"2024-10-02T11:13:30","guid":{"rendered":"https:\/\/www.sahinrulman.com\/7-axis-robot-control-unit\/"},"modified":"2024-10-02T14:13:30","modified_gmt":"2024-10-02T11:13:30","slug":"7-axis-robot-control-unit","status":"publish","type":"product","link":"https:\/\/www.sahinrulman.com\/en\/7-axis-robot-control-unit\/","title":{"rendered":"7 Axis Robot Control Unit"},"content":{"rendered":"<h2 style=\"text-align: center\"><b>7 Axis Robot Control Panel<\/b><\/h2>\n<div style=\"text-align: center\">7 Axis Robot Control Unit 6 axis Robot control unit is suitable for Ethercat and Pulse\/direction communication protocols. It has teaching (learning) feature.<br \/>\n7 axis Robot control unit is an alternative that can be used in all sectors. It allows you to process materials more accurately and increases your control power on the machine. You can make the necessary interventions via the robot arm control panel. You can also control the motor with the help of the robotic control unit.   <\/div>\n<div style=\"text-align: center\"><\/div>\n<div style=\"text-align: center\"> you can check.\n<\/div>\n","protected":false},"excerpt":{"rendered":"<table class=\"table table-bordered\">\n<tbody>\n<tr>\n<td>TYPE<\/td>\n<td>&#8211;<\/td>\n<\/tr>\n<tr>\n<td>AXIS<\/td>\n<td>7 Axis<\/td>\n<\/tr>\n<\/tbody>\n<\/table>\n","protected":false},"featured_media":13844,"comment_status":"open","ping_status":"closed","template":"","meta":{"_acf_changed":false,"_iconic_wsb_product_page_order_bump_ids":[],"_sku":["ROBOT KONTROL \u00dcN\u0130TES\u0130 7 eksen"],"_iconic_wsb_product_page_bump_modal_ids":[]},"product_brand":[],"product_cat":[741,742,751],"product_tag":[],"class_list":{"0":"post-15826","1":"product","2":"type-product","3":"status-publish","4":"has-post-thumbnail","6":"product_cat-cnc-control-systems","7":"product_cat-cnc-control-unit","8":"product_cat-robotic-cnc-control-systems","9":"tm-no-options","11":"first","12":"instock","13":"taxable","14":"shipping-taxable","15":"purchasable","16":"product-type-simple"},"acf":{"motor_tork_max":"","motor_hiz_max":"","motor_guc":"","motor_calisma_tipi":"surekli","motor_reduktor_durumu":"dahili","step_holding_torque":"","step_nema_size":false,"step_current":"","step_hiz_max":"","step_flange_size":"","ozelligi_ne":[],"uyumlu_surucu":null},"_links":{"self":[{"href":"https:\/\/www.sahinrulman.com\/en\/wp-json\/wp\/v2\/product\/15826","targetHints":{"allow":["GET"]}}],"collection":[{"href":"https:\/\/www.sahinrulman.com\/en\/wp-json\/wp\/v2\/product"}],"about":[{"href":"https:\/\/www.sahinrulman.com\/en\/wp-json\/wp\/v2\/types\/product"}],"replies":[{"embeddable":true,"href":"https:\/\/www.sahinrulman.com\/en\/wp-json\/wp\/v2\/comments?post=15826"}],"wp:featuredmedia":[{"embeddable":true,"href":"https:\/\/www.sahinrulman.com\/en\/wp-json\/wp\/v2\/media\/13844"}],"wp:attachment":[{"href":"https:\/\/www.sahinrulman.com\/en\/wp-json\/wp\/v2\/media?parent=15826"}],"wp:term":[{"taxonomy":"product_brand","embeddable":true,"href":"https:\/\/www.sahinrulman.com\/en\/wp-json\/wp\/v2\/product_brand?post=15826"},{"taxonomy":"product_cat","embeddable":true,"href":"https:\/\/www.sahinrulman.com\/en\/wp-json\/wp\/v2\/product_cat?post=15826"},{"taxonomy":"product_tag","embeddable":true,"href":"https:\/\/www.sahinrulman.com\/en\/wp-json\/wp\/v2\/product_tag?post=15826"}],"curies":[{"name":"wp","href":"https:\/\/api.w.org\/{rel}","templated":true}]}}