{"id":16087,"date":"2024-09-24T09:42:07","date_gmt":"2024-09-24T06:42:07","guid":{"rendered":"https:\/\/www.sahinrulman.com\/planetary-reducer-80plf10k\/"},"modified":"2024-09-24T09:42:07","modified_gmt":"2024-09-24T06:42:07","slug":"planetary-reducer-80plf10k","status":"publish","type":"product","link":"https:\/\/www.sahinrulman.com\/en\/planetary-reducer-80plf10k\/","title":{"rendered":"Planetary Reducer 80PLF10K"},"content":{"rendered":"<h1 style=\"text-align: center; font-size: 30px;\"><a href=\"https:\/\/www.sahinrulman.com\/bosluksuz-planet-reduktor-pfl\/planet-reduktor-80plf10k\">Bo\u015fluksuz Planet Red\u00fckt\u00f6r 80PLF10K<\/a><\/h1>\n<div class=\"col-lg-6\">\n<p>&nbsp;<\/p>\n<ul>\n<li>Precision Planetary Gearbox is the gear system required to gain force in PLF series servo motors.<\/li>\n<li>As with all planetary gearboxes, the aim is to achieve high torque values.<\/li>\n<li>It can be used in many different fields such as cement, metal processing and mining.<\/li>\n<li>It offers a high efficiency working environment.<\/li>\n<li>The gearboxes are fully compatible with our own imported SERVOMASTER servo motors.<\/li>\n<li>No flange or additional turning required.<\/li>\n<\/ul>\n<\/div>\n<div class=\"col-lg-6\">\n<p>&nbsp;<\/p>\n<p style=\"margin-bottom: 11px; font-family: Roboto, sans-serif; font-size: 13px;\"><span style=\"color: #666666;\">Reducer PDF File (SERVO MOTOR 90SY-M04025 SERVOMASTER, STEP MOTOR &#8211; NEMA 34, ENCODER-EQUIPPED STEP MOTOR &#8211; NEMA 34) :<\/span><b><span style=\"color: #ff0000;\"> <\/span><a style=\"background-color: #ffffff;\" href=\"site\/images\/stories\/teknik-ozellikler\/Planet-reduktor\/PLF-serisi\/80PLF10K.pdf\" target=\"_blank\" rel=\"noopener\"><span style=\"color: #000000;\">click<\/span><\/a><\/b><\/p>\n<p style=\"margin-bottom: 11px; color: #666666; font-family: Roboto, sans-serif; font-size: 13px;\"><img decoding=\"async\" style=\"width: 250px;\" src=\"https:\/\/www.sahinrulman.com\/image\/catalog\/80plf10k.png\"><\/p>\n<p style=\"margin-bottom: 11px; color: #666666; font-family: Roboto, sans-serif; font-size: 13px;\"><img decoding=\"async\" style=\"width: 128px;\" src=\"https:\/\/www.sahinrulman.com\/image\/catalog\/sahinrulman-download.gif\"><\/p>\n<h4 style=\"text-align: left; font-family: 'Montserrat Bold', sans-serif; font-weight: bold; color: #000000; margin-top: 11px; margin-bottom: 11px; font-size: 18px;\"><a href=\"https:\/\/www.sahinrulman.com\/image\/pdf\/90SY-NEMA34_80PLF10K.pdf\">80PLF10K Technical drawing Download<\/a><b><\/b><\/h4>\n<h4 style=\"font-family: 'Montserrat Bold', sans-serif; font-weight: bold; color: #000000; margin-top: 11px; margin-bottom: 11px; font-size: 18px; text-align: center;\"><\/h4>\n<h4 style=\"text-align: left; font-family: 'Open Sans', sans-serif; font-weight: bold; color: #000000; margin-top: 11px; margin-bottom: 11px; font-size: 18px;\"><span style=\"text-align: justify; background-color: transparent !important; font-size: 11pt !important; font-family: Calibri !important; vertical-align: baseline !important; white-space: pre-wrap !important;\"><span style=\"background-color: transparent !important; font-size: 11pt !important; vertical-align: baseline !important;\"><span style=\"font-size: 18px;\"><b><a style=\"font-size: 21px;\" href=\"https:\/\/www.sahinrulman.com\/image\/pdf\/80PLF10K-19X40-73X7-69.7X4-M6.STEP\"> 80PLF10K STEP File Download<\/a><\/b><\/span><\/span><\/span><\/h4>\n<p style=\"margin-bottom: 11px; color: #666666; font-family: Roboto, sans-serif; font-size: 13px;\">\n<\/div>\n","protected":false},"excerpt":{"rendered":"<p>Bo\u015fluksuz Planet Red\u00fckt\u00f6r 80PLF10K &nbsp; Precision Planetary Gearbox is the gear system required to gain force in PLF series servo motors. As with all planetary gearboxes, the aim is to<\/p>\n","protected":false},"featured_media":13581,"comment_status":"open","ping_status":"closed","template":"","meta":{"_acf_changed":false},"product_brand":[],"product_cat":[561,717],"product_tag":[],"class_list":{"0":"post-16087","1":"product","2":"type-product","3":"status-publish","4":"has-post-thumbnail","6":"product_cat-electronic-products","7":"product_cat-planetary-gearbox","8":"tm-no-options","10":"first","11":"instock","12":"taxable","13":"shipping-taxable","14":"purchasable","15":"product-type-simple"},"acf":{"motor_tork_max":"","motor_hiz_max":"","motor_guc":"","motor_calisma_tipi":"surekli","motor_reduktor_durumu":"dahili","step_holding_torque":"","step_nema_size":false,"step_current":"","step_hiz_max":"","step_flange_size":"","ozelligi_ne":[],"uyumlu_surucu":null},"_links":{"self":[{"href":"https:\/\/www.sahinrulman.com\/en\/wp-json\/wp\/v2\/product\/16087","targetHints":{"allow":["GET"]}}],"collection":[{"href":"https:\/\/www.sahinrulman.com\/en\/wp-json\/wp\/v2\/product"}],"about":[{"href":"https:\/\/www.sahinrulman.com\/en\/wp-json\/wp\/v2\/types\/product"}],"replies":[{"embeddable":true,"href":"https:\/\/www.sahinrulman.com\/en\/wp-json\/wp\/v2\/comments?post=16087"}],"wp:featuredmedia":[{"embeddable":true,"href":"https:\/\/www.sahinrulman.com\/en\/wp-json\/wp\/v2\/media\/13581"}],"wp:attachment":[{"href":"https:\/\/www.sahinrulman.com\/en\/wp-json\/wp\/v2\/media?parent=16087"}],"wp:term":[{"taxonomy":"product_brand","embeddable":true,"href":"https:\/\/www.sahinrulman.com\/en\/wp-json\/wp\/v2\/product_brand?post=16087"},{"taxonomy":"product_cat","embeddable":true,"href":"https:\/\/www.sahinrulman.com\/en\/wp-json\/wp\/v2\/product_cat?post=16087"},{"taxonomy":"product_tag","embeddable":true,"href":"https:\/\/www.sahinrulman.com\/en\/wp-json\/wp\/v2\/product_tag?post=16087"}],"curies":[{"name":"wp","href":"https:\/\/api.w.org\/{rel}","templated":true}]}}