{"id":16088,"date":"2024-12-13T13:39:58","date_gmt":"2024-12-13T10:39:58","guid":{"rendered":"https:\/\/www.sahinrulman.com\/planetary-reducer-80plf5k\/"},"modified":"2024-12-13T13:39:58","modified_gmt":"2024-12-13T10:39:58","slug":"planetary-reducer-80plf5k","status":"publish","type":"product","link":"https:\/\/www.sahinrulman.com\/en\/planetary-reducer-80plf5k\/","title":{"rendered":"Planetary Reducer 80PLF5K"},"content":{"rendered":"<h1 style=\"text-align: center; font-size: 30px;\"><a href=\"https:\/\/www.sahinrulman.com\/bosluksuz-planet-reduktor-pfl\/planet-reduktor-80plf10k\">Bo\u015fluksuz Planet Red\u00fckt\u00f6r 80PLF5K<\/a><\/h1>\n<div class=\"col-lg-6\">\n<p>&nbsp;<\/p>\n<ul>\n<li>Precision Planetary Gearbox is a system that offers the possibility to reach higher forces in PLF series servo motors.<\/li>\n<li>As with other planetary gearbox products, it aims to reach high torque values.<\/li>\n<li>It is used in a wide range of different fields and sectors.<\/li>\n<li>It offers the opportunity to work with higher efficiency.<\/li>\n<li>This planetary gearbox is fully compatible with SERVOMASTER servo motors.<\/li>\n<li>No additional processes such as flanges or additional lathes are required.<\/li>\n<\/ul>\n<\/div>\n<div class=\"col-lg-6\">\n<p>&nbsp;<\/p>\n<p style=\"margin-bottom: 11px; font-family: Roboto, sans-serif; font-size: 13px;\"><span style=\"color: #666666;\">Reducer PDF File for :<\/span><span style=\"color: #295218;\"> <\/span><a href=\"site\/images\/stories\/technical-specifications\/Planet-reductor\/PLF-series\/80PLF5K.pdf\" target=\"_blank\" rel=\"noopener\"><b><span style=\"color: #ff0000;\">click<\/span><\/b><\/a><\/p>\n<p style=\"margin-bottom: 11px; font-family: Roboto, sans-serif; font-size: 13px;\"><img decoding=\"async\" style=\"width: 250px;\" src=\"https:\/\/www.sahinrulman.com\/image\/catalog\/80plf3k.PNG\"><span style=\"color: #295218;\"><a href=\"site\/images\/stories\/technical-specifications\/Planet-reductor\/PLF-series\/80PLF5K.pdf\" target=\"_blank\" rel=\"noopener\"><b><span style=\"color: #295218;\"><br \/>\n<\/span><\/b><\/a><\/span><\/p>\n<h4 style=\"text-align: left; font-family: 'Open Sans', sans-serif; font-weight: bold; color: #000000; margin-top: 11px; margin-bottom: 11px; font-size: 18px;\"><img decoding=\"async\" style=\"width: 128px;\" src=\"https:\/\/www.sahinrulman.com\/image\/catalog\/sahinrulman-download.gif\"><span style=\"text-align: justify; background-color: transparent !important; font-size: 11pt !important; font-family: Calibri !important; vertical-align: baseline !important; white-space: pre-wrap !important;\"><span style=\"background-color: transparent !important; font-size: 11pt !important; vertical-align: baseline !important;\"><span style=\"font-size: 18px;\"><b><br \/>\n<\/b><\/span><\/span><\/span><\/h4>\n<h4 style=\"text-align: left; font-family: 'Open Sans', sans-serif; font-weight: bold; color: #000000; margin-top: 11px; margin-bottom: 11px; font-size: 18px;\"><span style=\"text-align: justify; background-color: transparent !important; font-size: 11pt !important; font-family: Calibri !important; vertical-align: baseline !important; white-space: pre-wrap !important;\"><span style=\"background-color: transparent !important; font-size: 11pt !important; vertical-align: baseline !important;\"><span style=\"font-size: 18px;\"><b><a style=\"color: #da7c09;\" href=\"https:\/\/www.sahinrulman.com\/image\/pdf\/80PLF3-5K(19X40-73X7-69.7X4-M6.STEP\">80PLF5K STEP File Download<\/a><\/b><\/span><\/span><\/span><\/h4>\n<p style=\"margin-bottom: 11px; color: #666666; font-family: Roboto, sans-serif; font-size: 13px;\">\n<\/div>\n","protected":false},"excerpt":{"rendered":"<p>Bo\u015fluksuz Planet Red\u00fckt\u00f6r 80PLF5K &nbsp; Precision Planetary Gearbox is a system that offers the possibility to reach higher forces in PLF series servo motors. As with other planetary gearbox products,<\/p>\n","protected":false},"featured_media":13581,"comment_status":"open","ping_status":"closed","template":"","meta":{"_acf_changed":false,"_iconic_wsb_product_page_order_bump_ids":[[]],"_sku":["80PLF5K"],"_iconic_wsb_product_page_bump_modal_ids":[[]]},"product_brand":[],"product_cat":[561,717],"product_tag":[],"class_list":{"0":"post-16088","1":"product","2":"type-product","3":"status-publish","4":"has-post-thumbnail","6":"product_cat-electronic-products","7":"product_cat-planetary-gearbox","8":"tm-no-options","10":"first","11":"instock","12":"taxable","13":"shipping-taxable","14":"purchasable","15":"product-type-simple"},"acf":{"motor_tork_max":"","motor_hiz_max":"","motor_guc":"","motor_calisma_tipi":"surekli","motor_reduktor_durumu":"dahili","step_holding_torque":"","step_nema_size":false,"step_current":"","step_hiz_max":"","step_flange_size":"","ozelligi_ne":[],"uyumlu_surucu":null},"_links":{"self":[{"href":"https:\/\/www.sahinrulman.com\/en\/wp-json\/wp\/v2\/product\/16088","targetHints":{"allow":["GET"]}}],"collection":[{"href":"https:\/\/www.sahinrulman.com\/en\/wp-json\/wp\/v2\/product"}],"about":[{"href":"https:\/\/www.sahinrulman.com\/en\/wp-json\/wp\/v2\/types\/product"}],"replies":[{"embeddable":true,"href":"https:\/\/www.sahinrulman.com\/en\/wp-json\/wp\/v2\/comments?post=16088"}],"wp:featuredmedia":[{"embeddable":true,"href":"https:\/\/www.sahinrulman.com\/en\/wp-json\/wp\/v2\/media\/13581"}],"wp:attachment":[{"href":"https:\/\/www.sahinrulman.com\/en\/wp-json\/wp\/v2\/media?parent=16088"}],"wp:term":[{"taxonomy":"product_brand","embeddable":true,"href":"https:\/\/www.sahinrulman.com\/en\/wp-json\/wp\/v2\/product_brand?post=16088"},{"taxonomy":"product_cat","embeddable":true,"href":"https:\/\/www.sahinrulman.com\/en\/wp-json\/wp\/v2\/product_cat?post=16088"},{"taxonomy":"product_tag","embeddable":true,"href":"https:\/\/www.sahinrulman.com\/en\/wp-json\/wp\/v2\/product_tag?post=16088"}],"curies":[{"name":"wp","href":"https:\/\/api.w.org\/{rel}","templated":true}]}}