{"id":17231,"date":"2024-09-25T10:52:09","date_gmt":"2024-09-25T10:52:09","guid":{"rendered":"https:\/\/www.sahinrulman.com\/linear-bearing-lmef-60-uu\/"},"modified":"2024-09-25T10:52:09","modified_gmt":"2024-09-25T07:52:09","slug":"linear-bearing-lmef-60-uu","status":"publish","type":"product","link":"https:\/\/www.sahinrulman.com\/en\/linear-bearing-lmef-60-uu\/","title":{"rendered":"Linear Bearing LMEF 60 UU"},"content":{"rendered":"<p><span style=\"color: rgb(100, 100, 100); font-family: Arial, Helvetica, sans-serif; font-size: medium;\"><strong>LMEF UU Series Linear Bearings<\/strong><\/span><span style=\"color: rgb(100, 100, 100); font-family: Arial, Helvetica, sans-serif;\"><\/span><\/p>\n<p style=\"margin-top: 10px; margin-bottom: 15px; padding: 0px; color: rgb(100, 100, 100); font-family: Arial, Helvetica, sans-serif;\"><span style=\"font-size: small;\"><strong>Measurement: &nbsp;<\/strong>mm<\/p>\n<p>The LMEF xx UU series is distinguished from the LME series by its flanged head section. The bearing held by the flange section can be easily secured to the body or moving part.  In applications, the flange section is seated in the invoiced socket and used as a support for axis stabilization.<\/span><\/p>\n<p><span style=\"color: rgb(100, 100, 100); font-family: Arial, Helvetica, sans-serif; font-size: medium;\"><strong>LMEF UU Series Linear Bearings<\/strong><\/span><span style=\"color: rgb(100, 100, 100); font-family: Arial, Helvetica, sans-serif;\"><\/span><\/p>\n<p style=\"margin-top: 10px; margin-bottom: 15px; padding: 0px; color: rgb(100, 100, 100); font-family: Arial, Helvetica, sans-serif;\"><span style=\"font-size: small;\"><strong>Measurement: &nbsp;<\/strong>mm<\/p>\n<p>LMEF xx UU serisi flan\u015fl\u0131 kafa k\u0131sm\u0131 sayesinde LME serisinden ayr\u0131l\u0131r. Flan\u015f k\u0131sm\u0131ndan tutulan rulman kolay bir \u015fekilde g\u00f6vdeye veya hareketli par\u00e7aya sabitlenebilir.  In applications, the flange section is seated in the invoiced socket and used as a support for axis stabilization.<\/span><\/p>\n<p style=\"text-align: center;\"><a href=\"https:\/\/www.sahinrulman.com\/site\/images\/stories\/teknik-ozellikler\/LMEFxxUU.jpg\" rel=\"rokbox[450 271] noopener\" title=\"\u015eahin Rulman :: www.sahinrulman.com\" target=\"_blank\"><img decoding=\"async\" src=\"https:\/\/www.sahinrulman.com\/image\/catalog\/teknik-ozellikler-icin-tikl.gif\" style=\"width: 484px;\"><\/a><\/p>\n<p style=\"text-align: center;\"><\/p>\n<p style=\"margin-top: 10px; margin-bottom: 15px; padding: 0px; color: rgb(100, 100, 100); font-family: Arial, Helvetica, sans-serif; background-color: rgb(250, 249, 248); text-align: center;\"><a href=\"https:\/\/www.sahinrulman.com\/site\/images\/stories\/3D_katalog\/Lineer-Rulmanlar\/LMEF-serisi\/LMEF-60-UU\/LMEF-60-UU.JPG\" rel=\"rokbox[640 594]\" title=\"\u015eAH\u0130N BEARING \/ Linear Bearings LMEF 60 UU\" style=\"text-decoration: underline; color: rgb(111, 137, 156);\"><img decoding=\"async\" class=\"album\" src=\"https:\/\/www.sahinrulman.com\/site\/images\/stories\/3D_katalog\/Lineer-Rulmanlar\/LMEF-serisi\/LMEF-60-UU\/thumb-LMEF-60-UU.jpg\" alt=\"\u015eAH\u0130N BEARING \/ Linear Bearings LMEF 60 UU\"><\/a><\/p>\n<h1 style=\"margin-top: 25px; margin-bottom: 10px; padding: 0px; font-size: 36px; line-height: 36px; font-family: Arial, Helvetica, sans-serif; color: rgb(157, 174, 36); text-shadow: rgb(255, 255, 255) 1px 1px 1px, rgba(0, 0, 0, 0.298039) 1px 1px 2px; letter-spacing: -1px; background-color: rgb(250, 249, 248); text-align: center;\"><img decoding=\"async\" src=\"https:\/\/www.sahinrulman.com\/site\/images\/stories\/sahinrulman-download.gif\" border=\"0\"><\/h1>\n<h2 style=\"margin: 25px 0px 10px; padding: 0px; font-size: 24px; line-height: 24px; font-family: Arial, Helvetica, sans-serif; color: rgb(111, 137, 156); text-shadow: rgb(255, 255, 255) 1px 1px 1px, rgba(0, 0, 0, 0.298039) 1px 1px 2px; background-color: rgb(250, 249, 248); text-align: center;\"><a href=\"https:\/\/www.sahinrulman.com\/site\/images\/stories\/3D_katalog\/Lineer-Rulmanlar\/LMEF-serisi\/LMEF-60-UU\/LMEF-60-UU.IGS\" style=\"color: rgb(130, 140, 41);\">LMEF 60 UU.IGS FILE<\/a><\/h2>\n<p style=\"text-align: center;\">\n<h2 style=\"margin: 25px 0px 10px; padding: 0px; font-size: 24px; line-height: 24px; font-family: Arial, Helvetica, sans-serif; color: rgb(111, 137, 156); text-shadow: rgb(255, 255, 255) 1px 1px 1px, rgba(0, 0, 0, 0.298039) 1px 1px 2px; background-color: rgb(250, 249, 248); text-align: center;\"><a href=\"https:\/\/www.sahinrulman.com\/site\/images\/stories\/3D_katalog\/Lineer-Rulmanlar\/LMEF-serisi\/LMEF-60-UU\/LMEF-60-UU.SLDPRT\" style=\"color: rgb(130, 140, 41);\">LMEF 60 UU.SLDPRT FILE<\/a><\/h2>\n","protected":false},"excerpt":{"rendered":"<p>LMEF UU Series Linear Bearings Measurement: &nbsp;mm The LMEF xx UU series is distinguished from the LME series by its flanged head section. The bearing held by the flange section<\/p>\n","protected":false},"featured_media":8011,"comment_status":"open","ping_status":"closed","template":"","meta":{"_acf_changed":false,"_iconic_wsb_product_page_order_bump_ids":[],"_sku":["LMEF 60 UU"],"_iconic_wsb_product_page_bump_modal_ids":[]},"product_brand":[],"product_cat":[879,871,734],"product_tag":[],"class_list":{"0":"post-17231","1":"product","2":"type-product","3":"status-publish","4":"has-post-thumbnail","6":"product_cat-linear-bearing-lmef-uu-series","7":"product_cat-linear-bearings","8":"product_cat-mechanical-products","9":"tm-no-options","11":"first","12":"outofstock","13":"taxable","14":"shipping-taxable","15":"purchasable","16":"product-type-simple"},"acf":{"motor_tork_max":"","motor_hiz_max":"","motor_guc":"","motor_calisma_tipi":"surekli","motor_reduktor_durumu":"dahili","step_holding_torque":"","step_nema_size":false,"step_current":"","step_hiz_max":"","step_flange_size":"","ozelligi_ne":[],"uyumlu_surucu":null},"_links":{"self":[{"href":"https:\/\/www.sahinrulman.com\/en\/wp-json\/wp\/v2\/product\/17231","targetHints":{"allow":["GET"]}}],"collection":[{"href":"https:\/\/www.sahinrulman.com\/en\/wp-json\/wp\/v2\/product"}],"about":[{"href":"https:\/\/www.sahinrulman.com\/en\/wp-json\/wp\/v2\/types\/product"}],"replies":[{"embeddable":true,"href":"https:\/\/www.sahinrulman.com\/en\/wp-json\/wp\/v2\/comments?post=17231"}],"wp:featuredmedia":[{"embeddable":true,"href":"https:\/\/www.sahinrulman.com\/en\/wp-json\/wp\/v2\/media\/8011"}],"wp:attachment":[{"href":"https:\/\/www.sahinrulman.com\/en\/wp-json\/wp\/v2\/media?parent=17231"}],"wp:term":[{"taxonomy":"product_brand","embeddable":true,"href":"https:\/\/www.sahinrulman.com\/en\/wp-json\/wp\/v2\/product_brand?post=17231"},{"taxonomy":"product_cat","embeddable":true,"href":"https:\/\/www.sahinrulman.com\/en\/wp-json\/wp\/v2\/product_cat?post=17231"},{"taxonomy":"product_tag","embeddable":true,"href":"https:\/\/www.sahinrulman.com\/en\/wp-json\/wp\/v2\/product_tag?post=17231"}],"curies":[{"name":"wp","href":"https:\/\/api.w.org\/{rel}","templated":true}]}}