{"id":17234,"date":"2024-09-25T10:49:46","date_gmt":"2024-09-25T10:49:46","guid":{"rendered":"https:\/\/www.sahinrulman.com\/linear-bearing-lmef-40-uu\/"},"modified":"2024-09-25T10:49:46","modified_gmt":"2024-09-25T07:49:46","slug":"linear-bearing-lmef-40-uu","status":"publish","type":"product","link":"https:\/\/www.sahinrulman.com\/en\/linear-bearing-lmef-40-uu\/","title":{"rendered":"Linear Bearing LMEF 40 UU"},"content":{"rendered":"<p><span style=\"color: #646464; font-family: Arial, Helvetica, sans-serif; font-size: medium;\"><strong> <\/strong><\/span><\/p>\n<p><span style=\"color: #646464; font-family: Arial, Helvetica, sans-serif; font-size: medium;\"><strong>LMEF UU Series Linear Bearings<\/strong><\/span><\/p>\n<p style=\"margin-top: 10px; margin-bottom: 15px; padding: 0px; color: #646464; font-family: Arial, Helvetica, sans-serif;\"><span style=\"font-size: small;\"><strong>Measurement<\/strong>: mm<\/p>\n<p>The LMEF xx UU series is distinguished from the LME series by its flanged head section. The bearing held by the flange section can be easily secured to the body or moving part. In applications, the flange section is seated in a flanged socket and used as a support for axis stabilization.  <\/span><\/p>\n<p><span style=\"color: #646464; font-family: Arial, Helvetica, sans-serif; font-size: medium;\"><strong>LMEF UU Serisi Lineer Rulmanlar<\/strong><\/span><\/p>\n<p style=\"margin-top: 10px; margin-bottom: 15px; padding: 0px; color: #646464; font-family: Arial, Helvetica, sans-serif;\"><span style=\"font-size: small;\"><strong>Measurement<\/strong>: mm<\/p>\n<p>LMEF xx UU serisi, flan\u015fl\u0131 ba\u015f k\u0131sm\u0131 ile LME serisinden ayr\u0131l\u0131r. Flan\u015f k\u0131sm\u0131 taraf\u0131ndan tutulan rulman, g\u00f6vdeye veya hareketli par\u00e7aya kolayca sabitlenebilir. Uygulamalarda, flan\u015f k\u0131sm\u0131 flan\u015fl\u0131 bir sokete oturtulur ve eksen stabilizasyonu i\u00e7in destek olarak kullan\u0131l\u0131r.  <\/span><\/p>\n<p style=\"text-align: center;\"><a title=\"\u015eahin Rulman :: www.sahinrulman.com\" href=\"https:\/\/www.sahinrulman.com\/site\/images\/stories\/teknik-ozellikler\/LMEFxxUU.jpg\" target=\"_blank\" rel=\"rokbox[450 271] noopener\"><img decoding=\"async\" style=\"width: 484px;\" src=\"https:\/\/www.sahinrulman.com\/image\/catalog\/teknik-ozellikler-icin-tikl.gif\"><\/a><\/p>\n<p style=\"text-align: center;\">\n<p style=\"margin-top: 10px; margin-bottom: 15px; padding: 0px; color: #646464; font-family: Arial, Helvetica, sans-serif; background-color: #faf9f8; text-align: center;\"><a style=\"color: #828c29;\" title=\"\u015eAH\u0130N RULMAN \/ Lineer Rulmanlar LMEF 40 UU\" href=\"https:\/\/www.sahinrulman.com\/site\/images\/stories\/3D_katalog\/Lineer-Rulmanlar\/LMEF-serisi\/LMEF-40-UU\/LMEF-40-UU.JPG\" rel=\"rokbox[640 594]\"><img decoding=\"async\" class=\"album\" src=\"https:\/\/www.sahinrulman.com\/site\/images\/stories\/3D_katalog\/Lineer-Rulmanlar\/LMEF-serisi\/LMEF-40-UU\/thumb-LMEF-40-UU.jpg\" alt=\"\u015eAH\u0130N RULMAN \/ Lineer Rulmanlar LMEF 40 UU\"><\/a><\/p>\n<h1 style=\"margin-top: 25px; margin-bottom: 10px; padding: 0px; font-size: 36px; line-height: 36px; font-family: Arial, Helvetica, sans-serif; color: #9dae24; text-shadow: #ffffff 1px 1px 1px, rgba(0, 0, 0, 0.298039) 1px 1px 2px; letter-spacing: -1px; background-color: #faf9f8; text-align: center;\"><img decoding=\"async\" src=\"https:\/\/www.sahinrulman.com\/site\/images\/stories\/sahinrulman-download.gif\" border=\"0\"><\/h1>\n<h2 style=\"margin: 25px 0px 10px; padding: 0px; font-size: 24px; line-height: 24px; font-family: Arial, Helvetica, sans-serif; color: #6f899c; text-shadow: #ffffff 1px 1px 1px, rgba(0, 0, 0, 0.298039) 1px 1px 2px; background-color: #faf9f8; text-align: center;\"><a style=\"color: #828c29;\" href=\"https:\/\/www.sahinrulman.com\/site\/images\/stories\/3D_katalog\/Lineer-Rulmanlar\/LMEF-serisi\/LMEF-40-UU\/LMEF-40-UU.IGS\">LMEF 40 UU.IGS FILE<\/a><\/h2>\n<h2 style=\"margin: 25px 0px 10px; padding: 0px; font-size: 24px; line-height: 24px; font-family: Arial, Helvetica, sans-serif; color: #6f899c; text-shadow: #ffffff 1px 1px 1px, rgba(0, 0, 0, 0.298039) 1px 1px 2px; background-color: #faf9f8; text-align: center;\">LMEF 40 UU.SLDPRT FILE<\/h2>\n","protected":false},"excerpt":{"rendered":"<p>LMEF UU Series Linear Bearings Measurement: mm The LMEF xx UU series is distinguished from the LME series by its flanged head section. The bearing held by the flange section<\/p>\n","protected":false},"featured_media":13677,"comment_status":"open","ping_status":"closed","template":"","meta":{"_acf_changed":false,"_iconic_wsb_product_page_order_bump_ids":[[]],"_sku":["LMEF 40 UU"],"_iconic_wsb_product_page_bump_modal_ids":[[]]},"product_brand":[],"product_cat":[879,871,734],"product_tag":[],"class_list":{"0":"post-17234","1":"product","2":"type-product","3":"status-publish","4":"has-post-thumbnail","6":"product_cat-linear-bearing-lmef-uu-series","7":"product_cat-linear-bearings","8":"product_cat-mechanical-products","9":"tm-no-options","11":"first","12":"instock","13":"taxable","14":"shipping-taxable","15":"purchasable","16":"product-type-simple"},"acf":{"motor_tork_max":"","motor_hiz_max":"","motor_guc":"","motor_calisma_tipi":"surekli","motor_reduktor_durumu":"dahili","step_holding_torque":"","step_nema_size":false,"step_current":"","step_hiz_max":"","step_flange_size":"","ozelligi_ne":[],"uyumlu_surucu":null},"_links":{"self":[{"href":"https:\/\/www.sahinrulman.com\/en\/wp-json\/wp\/v2\/product\/17234","targetHints":{"allow":["GET"]}}],"collection":[{"href":"https:\/\/www.sahinrulman.com\/en\/wp-json\/wp\/v2\/product"}],"about":[{"href":"https:\/\/www.sahinrulman.com\/en\/wp-json\/wp\/v2\/types\/product"}],"replies":[{"embeddable":true,"href":"https:\/\/www.sahinrulman.com\/en\/wp-json\/wp\/v2\/comments?post=17234"}],"wp:featuredmedia":[{"embeddable":true,"href":"https:\/\/www.sahinrulman.com\/en\/wp-json\/wp\/v2\/media\/13677"}],"wp:attachment":[{"href":"https:\/\/www.sahinrulman.com\/en\/wp-json\/wp\/v2\/media?parent=17234"}],"wp:term":[{"taxonomy":"product_brand","embeddable":true,"href":"https:\/\/www.sahinrulman.com\/en\/wp-json\/wp\/v2\/product_brand?post=17234"},{"taxonomy":"product_cat","embeddable":true,"href":"https:\/\/www.sahinrulman.com\/en\/wp-json\/wp\/v2\/product_cat?post=17234"},{"taxonomy":"product_tag","embeddable":true,"href":"https:\/\/www.sahinrulman.com\/en\/wp-json\/wp\/v2\/product_tag?post=17234"}],"curies":[{"name":"wp","href":"https:\/\/api.w.org\/{rel}","templated":true}]}}